{"id":3299,"date":"2021-10-22T12:20:26","date_gmt":"2021-10-22T12:20:26","guid":{"rendered":"https:\/\/www.ff-ab.se\/contact\/"},"modified":"2024-08-22T14:08:34","modified_gmt":"2024-08-22T14:08:34","slug":"contact","status":"publish","type":"page","link":"https:\/\/www.ff-ab.se\/en\/contact\/","title":{"rendered":"Contact"},"content":{"rendered":"\n<div class=\"wp-block-columns is-layout-flex wp-container-core-columns-is-layout-1 wp-block-columns-is-layout-flex\">\n<div class=\"wp-block-column is-layout-flow wp-block-column-is-layout-flow\"><div class=\"gb-grid-wrapper gb-grid-wrapper-23354918\">\n<div class=\"gb-grid-column gb-grid-column-a0d1b1e2\"><div class=\"gb-container gb-container-a0d1b1e2\"><div class=\"gb-inside-container\">\n\n<figure class=\"wp-block-image size-full\"><img loading=\"lazy\" decoding=\"async\" width=\"800\" height=\"800\" src=\"https:\/\/www.ff-ab.se\/wp-content\/uploads\/2022\/03\/Jacob_800x800.jpg\" alt=\"\" class=\"wp-image-2043\" srcset=\"https:\/\/www.ff-ab.se\/wp-content\/uploads\/2022\/03\/Jacob_800x800.jpg 800w, https:\/\/www.ff-ab.se\/wp-content\/uploads\/2022\/03\/Jacob_800x800-300x300.jpg 300w, https:\/\/www.ff-ab.se\/wp-content\/uploads\/2022\/03\/Jacob_800x800-150x150.jpg 150w, https:\/\/www.ff-ab.se\/wp-content\/uploads\/2022\/03\/Jacob_800x800-768x768.jpg 768w\" sizes=\"auto, (max-width: 800px) 100vw, 800px\" \/><\/figure>\n\n\n\n<h2 class=\"wp-block-heading has-text-color\" style=\"color:#9b6918\"><br\/>Jacob Sandberg<\/h2>\n\n\n\n<p class=\"has-black-color has-text-color\"><strong>CEO \/ Owner<\/strong><br\/><a href=\"mailto:jacob@ff-ab.se\">jacob@ff-ab.se<\/a><br\/><a href=\"tel%20424%\">070 424 02 55<\/a><\/p>\n\n\n\n<p class=\"has-black-color has-text-color\">Jacob started as a real estate agent and has worked with real estate acquisition and development since the mid-90s. He has extensive experience in project refinement and financing.<\/p>\n\n<\/div><\/div><\/div>\n\n<div class=\"gb-grid-column gb-grid-column-0c35cabe\"><div class=\"gb-container gb-container-0c35cabe\"><div class=\"gb-inside-container\">\n\n<figure class=\"wp-block-image size-full\"><img loading=\"lazy\" decoding=\"async\" width=\"800\" height=\"800\" src=\"https:\/\/www.ff-ab.se\/wp-content\/uploads\/2022\/03\/Jesper_800x800.jpg\" alt=\"\" class=\"wp-image-2044\" srcset=\"https:\/\/www.ff-ab.se\/wp-content\/uploads\/2022\/03\/Jesper_800x800.jpg 800w, https:\/\/www.ff-ab.se\/wp-content\/uploads\/2022\/03\/Jesper_800x800-300x300.jpg 300w, https:\/\/www.ff-ab.se\/wp-content\/uploads\/2022\/03\/Jesper_800x800-150x150.jpg 150w, https:\/\/www.ff-ab.se\/wp-content\/uploads\/2022\/03\/Jesper_800x800-768x768.jpg 768w\" sizes=\"auto, (max-width: 800px) 100vw, 800px\" \/><\/figure>\n\n\n\n<h2 class=\"wp-block-heading has-text-color\" style=\"color:#9b6918\"><br\/>Jesper Hasseltorp<\/h2>\n\n\n\n<p class=\"has-black-color has-text-color\"><strong>Project Manager<\/strong><br\/><a href=\"mailto:jesper@ff-ab.se\">jesper@ff-ab.se<\/a><br\/><a href=\"tel%20855%\">073 855 67 98<\/a><\/p>\n\n\n\n<p class=\"has-black-color has-text-color\">Jesper is Head of Projects with a focus on sales. He has a solid experience in sales and has previously run two real estate offices in Stockholm.<\/p>\n\n<\/div><\/div><\/div>\n\n<div class=\"gb-grid-column gb-grid-column-0bb42f8e\"><div class=\"gb-container gb-container-0bb42f8e\"><div class=\"gb-inside-container\">\n\n<figure class=\"wp-block-image size-full\"><img loading=\"lazy\" decoding=\"async\" width=\"800\" height=\"800\" src=\"https:\/\/www.ff-ab.se\/wp-content\/uploads\/2022\/03\/Birgitta_800x800.jpg\" alt=\"\" class=\"wp-image-2045\" srcset=\"https:\/\/www.ff-ab.se\/wp-content\/uploads\/2022\/03\/Birgitta_800x800.jpg 800w, https:\/\/www.ff-ab.se\/wp-content\/uploads\/2022\/03\/Birgitta_800x800-300x300.jpg 300w, https:\/\/www.ff-ab.se\/wp-content\/uploads\/2022\/03\/Birgitta_800x800-150x150.jpg 150w, https:\/\/www.ff-ab.se\/wp-content\/uploads\/2022\/03\/Birgitta_800x800-768x768.jpg 768w\" sizes=\"auto, (max-width: 800px) 100vw, 800px\" \/><\/figure>\n\n\n\n<h2 class=\"wp-block-heading has-text-color\" style=\"color:#9b6918\"><br\/>Birgitta H\u00e4gg<\/h2>\n\n\n\n<p class=\"has-black-color has-text-color\"><strong><strong>Chief Financial Officer<\/strong><\/strong><br\/><a href=\"mailto:birgitta@ff-ab.se\">birgitta@ff-ab.se<\/a><br\/><a href=\"tel%20200%\">070 200 54 66<\/a><\/p>\n\n\n\n<p class=\"has-black-color has-text-color\">Birgitta is responsible for our business&#8217;s financial management, including all projects, companies, and housing associations. She has extensive experience in the field of economics from e.g. MTG (Modern Times Group) and the financial sector.<\/p>\n\n<\/div><\/div><\/div>\n\n<div class=\"gb-grid-column gb-grid-column-481d8bcf\"><div class=\"gb-container gb-container-481d8bcf\"><div class=\"gb-inside-container\">\n\n<figure class=\"wp-block-image size-full\"><img loading=\"lazy\" decoding=\"async\" width=\"800\" height=\"800\" src=\"https:\/\/www.ff-ab.se\/wp-content\/uploads\/2024\/08\/Lars_Staffansson_FFAB_web_3_800x800.jpg\" alt=\"\" class=\"wp-image-4403\" srcset=\"https:\/\/www.ff-ab.se\/wp-content\/uploads\/2024\/08\/Lars_Staffansson_FFAB_web_3_800x800.jpg 800w, https:\/\/www.ff-ab.se\/wp-content\/uploads\/2024\/08\/Lars_Staffansson_FFAB_web_3_800x800-300x300.jpg 300w, https:\/\/www.ff-ab.se\/wp-content\/uploads\/2024\/08\/Lars_Staffansson_FFAB_web_3_800x800-150x150.jpg 150w, https:\/\/www.ff-ab.se\/wp-content\/uploads\/2024\/08\/Lars_Staffansson_FFAB_web_3_800x800-768x768.jpg 768w\" sizes=\"auto, (max-width: 800px) 100vw, 800px\" \/><\/figure>\n\n\n\n<h2 class=\"wp-block-heading has-text-color\" style=\"color:#9b6918\"><br\/>Lars Staffansson<\/h2>\n\n\n\n<p class=\"has-black-color has-text-color\"><strong><strong><strong>Transaction Manager<\/strong><\/strong><\/strong><br\/><a href=\"mailto:lars@ff-ab.se\">lars@ff-ab.se<\/a><br\/><a href=\"tel:0704933123\">070 493 31 23<\/a><\/p>\n\n\n\n<p class=\"has-black-color has-text-color\">Lars is responsible for our real estate transactions. He comes from a role as a Partner at Catella Corporate Finance and has solid experience in real estate transactions and financial investments.<\/p>\n\n<\/div><\/div><\/div>\n\n<div class=\"gb-grid-column gb-grid-column-cd4e14ae\"><div class=\"gb-container gb-container-cd4e14ae\"><div class=\"gb-inside-container\">\n\n<figure class=\"wp-block-image size-full\"><img loading=\"lazy\" decoding=\"async\" width=\"800\" height=\"800\" src=\"https:\/\/www.ff-ab.se\/wp-content\/uploads\/2022\/03\/Fredrik_L_800x800.jpg\" alt=\"\" class=\"wp-image-2047\" srcset=\"https:\/\/www.ff-ab.se\/wp-content\/uploads\/2022\/03\/Fredrik_L_800x800.jpg 800w, https:\/\/www.ff-ab.se\/wp-content\/uploads\/2022\/03\/Fredrik_L_800x800-300x300.jpg 300w, https:\/\/www.ff-ab.se\/wp-content\/uploads\/2022\/03\/Fredrik_L_800x800-150x150.jpg 150w, https:\/\/www.ff-ab.se\/wp-content\/uploads\/2022\/03\/Fredrik_L_800x800-768x768.jpg 768w\" sizes=\"auto, (max-width: 800px) 100vw, 800px\" \/><\/figure>\n\n\n\n<h2 class=\"wp-block-heading has-text-color\" style=\"color:#9b6918\"><br\/>Fredrik Lundberg<\/h2>\n\n\n\n<p class=\"has-black-color has-text-color\"><strong><strong><strong>Construction Manager<\/strong><\/strong><\/strong><br\/><a href=\"mailto:fredrik@ff-ab.se\">fredrik@ff-ab.se<\/a><br\/><a href=\"tel%20855%\"><\/a><a href=\"tel%20200%\"><\/a><a href=\"tel%20881%\"><\/a><a href=\"tel%20881%\">070 881 10 53<\/a><\/p>\n\n\n\n<p class=\"has-black-color has-text-color\">Fredrik is responsible for the production of our projects. He comes from a role as Project Manager at Allegro, Oscar Properties&#8217; former construction business, and has 10 years of experience in contracting with a focus on large residential projects.<\/p>\n\n<\/div><\/div><\/div>\n\n<div class=\"gb-grid-column gb-grid-column-bf64fadf\"><div class=\"gb-container gb-container-bf64fadf\"><div class=\"gb-inside-container\">\n\n<figure class=\"wp-block-image size-full\"><img loading=\"lazy\" decoding=\"async\" width=\"800\" height=\"800\" src=\"https:\/\/www.ff-ab.se\/wp-content\/uploads\/2024\/08\/Fredrik_R_800x800.jpg\" alt=\"\" class=\"wp-image-4398\" srcset=\"https:\/\/www.ff-ab.se\/wp-content\/uploads\/2024\/08\/Fredrik_R_800x800.jpg 800w, https:\/\/www.ff-ab.se\/wp-content\/uploads\/2024\/08\/Fredrik_R_800x800-300x300.jpg 300w, https:\/\/www.ff-ab.se\/wp-content\/uploads\/2024\/08\/Fredrik_R_800x800-150x150.jpg 150w, https:\/\/www.ff-ab.se\/wp-content\/uploads\/2024\/08\/Fredrik_R_800x800-768x768.jpg 768w\" sizes=\"auto, (max-width: 800px) 100vw, 800px\" \/><\/figure>\n\n\n\n<h2 class=\"wp-block-heading has-text-color\" style=\"color:#9b6918\"><br\/>Fredrik Ryderg\u00e5rd<\/h2>\n\n\n\n<p class=\"has-black-color has-text-color\"><strong><strong><strong>Project developer<\/strong><\/strong><\/strong><br\/><a href=\"mailto:jesper@ff-ab.se\"><\/a><a href=\"mailto:birgitta@ff-ab.se\"><\/a><a href=\"mailto:fredrik.rydergard@ff-ab.se\">fredrik.rydergard@ff-ab.se<\/a><br\/><a href=\"tel%20855%\"><\/a><a href=\"tel%20200%\"><\/a><a href=\"tel%20976%\"><\/a><a href=\"tel%20976%\">070 976 60 03<\/a><\/p>\n\n\n\n<p class=\"has-black-color has-text-color\">Fredrik is responsible for developing our projects and driving them from initial ideas to reality. He has previously worked at several housing development companies with acquisitions, detailed plans, and contracting on his desk.<\/p>\n\n<\/div><\/div><\/div>\n<\/div><\/div>\n<\/div>\n","protected":false},"excerpt":{"rendered":"","protected":false},"author":5,"featured_media":0,"parent":0,"menu_order":0,"comment_status":"closed","ping_status":"closed","template":"","meta":{"_uag_custom_page_level_css":"","footnotes":""},"class_list":["post-3299","page","type-page","status-publish","hentry"],"featured_image_src":null,"yoast_head":"<!-- This site is optimized with the Yoast SEO plugin v26.8 - https:\/\/yoast.com\/product\/yoast-seo-wordpress\/ -->\n<title>contact<\/title>\n<meta name=\"robots\" content=\"index, follow, max-snippet:-1, max-image-preview:large, max-video-preview:-1\" \/>\n<link rel=\"canonical\" href=\"https:\/\/www.ff-ab.se\/en\/contact\/\" \/>\n<meta property=\"og:locale\" content=\"en_US\" \/>\n<meta property=\"og:type\" content=\"article\" \/>\n<meta property=\"og:title\" content=\"contact\" \/>\n<meta property=\"og:url\" content=\"https:\/\/www.ff-ab.se\/en\/contact\/\" \/>\n<meta property=\"og:site_name\" content=\"FFAB\" \/>\n<meta property=\"article:modified_time\" content=\"2024-08-22T14:08:34+00:00\" \/>\n<meta property=\"og:image\" content=\"https:\/\/www.ff-ab.se\/wp-content\/uploads\/2022\/03\/Jacob_800x800.jpg\" \/>\n<meta name=\"twitter:card\" content=\"summary_large_image\" \/>\n<meta name=\"twitter:label1\" content=\"Est. reading time\" \/>\n\t<meta name=\"twitter:data1\" content=\"1 minute\" \/>\n<script type=\"application\/ld+json\" class=\"yoast-schema-graph\">{\"@context\":\"https:\/\/schema.org\",\"@graph\":[{\"@type\":\"WebPage\",\"@id\":\"https:\/\/www.ff-ab.se\/en\/contact\/\",\"url\":\"https:\/\/www.ff-ab.se\/en\/contact\/\",\"name\":\"contact\",\"isPartOf\":{\"@id\":\"https:\/\/www.ff-ab.se\/en\/#website\"},\"primaryImageOfPage\":{\"@id\":\"https:\/\/www.ff-ab.se\/en\/contact\/#primaryimage\"},\"image\":{\"@id\":\"https:\/\/www.ff-ab.se\/en\/contact\/#primaryimage\"},\"thumbnailUrl\":\"https:\/\/www.ff-ab.se\/wp-content\/uploads\/2022\/03\/Jacob_800x800.jpg\",\"datePublished\":\"2021-10-22T12:20:26+00:00\",\"dateModified\":\"2024-08-22T14:08:34+00:00\",\"breadcrumb\":{\"@id\":\"https:\/\/www.ff-ab.se\/en\/contact\/#breadcrumb\"},\"inLanguage\":\"en-US\",\"potentialAction\":[{\"@type\":\"ReadAction\",\"target\":[\"https:\/\/www.ff-ab.se\/en\/contact\/\"]}]},{\"@type\":\"ImageObject\",\"inLanguage\":\"en-US\",\"@id\":\"https:\/\/www.ff-ab.se\/en\/contact\/#primaryimage\",\"url\":\"https:\/\/www.ff-ab.se\/wp-content\/uploads\/2022\/03\/Jacob_800x800.jpg\",\"contentUrl\":\"https:\/\/www.ff-ab.se\/wp-content\/uploads\/2022\/03\/Jacob_800x800.jpg\"},{\"@type\":\"BreadcrumbList\",\"@id\":\"https:\/\/www.ff-ab.se\/en\/contact\/#breadcrumb\",\"itemListElement\":[{\"@type\":\"ListItem\",\"position\":1,\"name\":\"Home\",\"item\":\"https:\/\/www.ff-ab.se\/en\/\"},{\"@type\":\"ListItem\",\"position\":2,\"name\":\"Contact\"}]},{\"@type\":\"WebSite\",\"@id\":\"https:\/\/www.ff-ab.se\/en\/#website\",\"url\":\"https:\/\/www.ff-ab.se\/en\/\",\"name\":\"FFAB\",\"description\":\"VI SKAPAR ATTRAKTIVA BOST\u00c4DER OCH SAMH\u00c4LLSFASTIGHETER MED FOKUS P\u00c5 FUNKTIONALITET, DESIGN OCH KVALITET.\",\"publisher\":{\"@id\":\"https:\/\/www.ff-ab.se\/en\/#organization\"},\"potentialAction\":[{\"@type\":\"SearchAction\",\"target\":{\"@type\":\"EntryPoint\",\"urlTemplate\":\"https:\/\/www.ff-ab.se\/en\/?s={search_term_string}\"},\"query-input\":{\"@type\":\"PropertyValueSpecification\",\"valueRequired\":true,\"valueName\":\"search_term_string\"}}],\"inLanguage\":\"en-US\"},{\"@type\":\"Organization\",\"@id\":\"https:\/\/www.ff-ab.se\/en\/#organization\",\"name\":\"FFAB\",\"url\":\"https:\/\/www.ff-ab.se\/en\/\",\"logo\":{\"@type\":\"ImageObject\",\"inLanguage\":\"en-US\",\"@id\":\"https:\/\/www.ff-ab.se\/en\/#\/schema\/logo\/image\/\",\"url\":\"https:\/\/www.ff-ab.se\/wp-content\/uploads\/2022\/03\/ffab-logga.png\",\"contentUrl\":\"https:\/\/www.ff-ab.se\/wp-content\/uploads\/2022\/03\/ffab-logga.png\",\"width\":1125,\"height\":515,\"caption\":\"FFAB\"},\"image\":{\"@id\":\"https:\/\/www.ff-ab.se\/en\/#\/schema\/logo\/image\/\"}}]}<\/script>\n<!-- \/ Yoast SEO plugin. -->","yoast_head_json":{"title":"contact","robots":{"index":"index","follow":"follow","max-snippet":"max-snippet:-1","max-image-preview":"max-image-preview:large","max-video-preview":"max-video-preview:-1"},"canonical":"https:\/\/www.ff-ab.se\/en\/contact\/","og_locale":"en_US","og_type":"article","og_title":"contact","og_url":"https:\/\/www.ff-ab.se\/en\/contact\/","og_site_name":"FFAB","article_modified_time":"2024-08-22T14:08:34+00:00","og_image":[{"url":"https:\/\/www.ff-ab.se\/wp-content\/uploads\/2022\/03\/Jacob_800x800.jpg","type":"","width":"","height":""}],"twitter_card":"summary_large_image","twitter_misc":{"Est. reading time":"1 minute"},"schema":{"@context":"https:\/\/schema.org","@graph":[{"@type":"WebPage","@id":"https:\/\/www.ff-ab.se\/en\/contact\/","url":"https:\/\/www.ff-ab.se\/en\/contact\/","name":"contact","isPartOf":{"@id":"https:\/\/www.ff-ab.se\/en\/#website"},"primaryImageOfPage":{"@id":"https:\/\/www.ff-ab.se\/en\/contact\/#primaryimage"},"image":{"@id":"https:\/\/www.ff-ab.se\/en\/contact\/#primaryimage"},"thumbnailUrl":"https:\/\/www.ff-ab.se\/wp-content\/uploads\/2022\/03\/Jacob_800x800.jpg","datePublished":"2021-10-22T12:20:26+00:00","dateModified":"2024-08-22T14:08:34+00:00","breadcrumb":{"@id":"https:\/\/www.ff-ab.se\/en\/contact\/#breadcrumb"},"inLanguage":"en-US","potentialAction":[{"@type":"ReadAction","target":["https:\/\/www.ff-ab.se\/en\/contact\/"]}]},{"@type":"ImageObject","inLanguage":"en-US","@id":"https:\/\/www.ff-ab.se\/en\/contact\/#primaryimage","url":"https:\/\/www.ff-ab.se\/wp-content\/uploads\/2022\/03\/Jacob_800x800.jpg","contentUrl":"https:\/\/www.ff-ab.se\/wp-content\/uploads\/2022\/03\/Jacob_800x800.jpg"},{"@type":"BreadcrumbList","@id":"https:\/\/www.ff-ab.se\/en\/contact\/#breadcrumb","itemListElement":[{"@type":"ListItem","position":1,"name":"Home","item":"https:\/\/www.ff-ab.se\/en\/"},{"@type":"ListItem","position":2,"name":"Contact"}]},{"@type":"WebSite","@id":"https:\/\/www.ff-ab.se\/en\/#website","url":"https:\/\/www.ff-ab.se\/en\/","name":"FFAB","description":"VI SKAPAR ATTRAKTIVA BOST\u00c4DER OCH SAMH\u00c4LLSFASTIGHETER MED FOKUS P\u00c5 FUNKTIONALITET, DESIGN OCH KVALITET.","publisher":{"@id":"https:\/\/www.ff-ab.se\/en\/#organization"},"potentialAction":[{"@type":"SearchAction","target":{"@type":"EntryPoint","urlTemplate":"https:\/\/www.ff-ab.se\/en\/?s={search_term_string}"},"query-input":{"@type":"PropertyValueSpecification","valueRequired":true,"valueName":"search_term_string"}}],"inLanguage":"en-US"},{"@type":"Organization","@id":"https:\/\/www.ff-ab.se\/en\/#organization","name":"FFAB","url":"https:\/\/www.ff-ab.se\/en\/","logo":{"@type":"ImageObject","inLanguage":"en-US","@id":"https:\/\/www.ff-ab.se\/en\/#\/schema\/logo\/image\/","url":"https:\/\/www.ff-ab.se\/wp-content\/uploads\/2022\/03\/ffab-logga.png","contentUrl":"https:\/\/www.ff-ab.se\/wp-content\/uploads\/2022\/03\/ffab-logga.png","width":1125,"height":515,"caption":"FFAB"},"image":{"@id":"https:\/\/www.ff-ab.se\/en\/#\/schema\/logo\/image\/"}}]}},"uagb_featured_image_src":{"full":false,"thumbnail":false,"medium":false,"medium_large":false,"large":false,"1536x1536":false,"2048x2048":false},"uagb_author_info":{"display_name":"Stefan Larsson","author_link":"https:\/\/www.ff-ab.se\/en\/author\/andrew\/"},"uagb_comment_info":0,"uagb_excerpt":null,"_links":{"self":[{"href":"https:\/\/www.ff-ab.se\/en\/wp-json\/wp\/v2\/pages\/3299","targetHints":{"allow":["GET"]}}],"collection":[{"href":"https:\/\/www.ff-ab.se\/en\/wp-json\/wp\/v2\/pages"}],"about":[{"href":"https:\/\/www.ff-ab.se\/en\/wp-json\/wp\/v2\/types\/page"}],"author":[{"embeddable":true,"href":"https:\/\/www.ff-ab.se\/en\/wp-json\/wp\/v2\/users\/5"}],"replies":[{"embeddable":true,"href":"https:\/\/www.ff-ab.se\/en\/wp-json\/wp\/v2\/comments?post=3299"}],"version-history":[{"count":15,"href":"https:\/\/www.ff-ab.se\/en\/wp-json\/wp\/v2\/pages\/3299\/revisions"}],"predecessor-version":[{"id":4407,"href":"https:\/\/www.ff-ab.se\/en\/wp-json\/wp\/v2\/pages\/3299\/revisions\/4407"}],"wp:attachment":[{"href":"https:\/\/www.ff-ab.se\/en\/wp-json\/wp\/v2\/media?parent=3299"}],"curies":[{"name":"wp","href":"https:\/\/api.w.org\/{rel}","templated":true}]}}