{"id":3300,"date":"2022-03-17T09:54:33","date_gmt":"2022-03-17T09:54:33","guid":{"rendered":"https:\/\/www.ff-ab.se\/community-property\/welcome-home-to-vard-norra\/"},"modified":"2023-07-03T16:06:17","modified_gmt":"2023-07-03T16:06:17","slug":"welcome-home-to-vard-norra","status":"publish","type":"page","link":"https:\/\/www.ff-ab.se\/en\/community-property\/welcome-home-to-vard-norra\/","title":{"rendered":"Welcome home to V\u00e5rd Norra"},"content":{"rendered":"<div class=\"gb-grid-wrapper gb-grid-wrapper-6a04c637\">\n<div class=\"gb-grid-column gb-grid-column-d5f5cddc\"><div class=\"gb-container gb-container-d5f5cddc\"><div class=\"gb-inside-container\">\n\n<div style=\"height:100px\" aria-hidden=\"true\" class=\"wp-block-spacer\"><\/div>\n\n\n\n<h2 class=\"has-text-align-center has-white-color has-text-color wp-block-heading\">Welcome home to V\u00e5rd Norra<\/h2>\n\n\n\n<p class=\"has-text-align-center has-white-color has-text-color\"><strong>Kapellg\u00e4rdet, Uppsala<\/strong><\/p>\n\n\n\n<p class=\"has-text-align-center has-white-color has-text-color\">FFAB is developing the Nordic region&#8217;s largest nursing home with a total of 201 apartments in V\u00e5rd Norra and V\u00e5rd S\u00f6dra with an area of approximately 17,000 square meters. The tenant will be Attendo, which has signed a 15-year lease for both project properties. FFAB has refined and developed the properties as modern healthcare buildings in an urban environment, with a focus on quality and sustainability. The properties are constructed as environmentally-friendly buildings, with a silver rating, the second-highest environmental classification, for low energy consumption, excellent indoor environment, and sustainable material selection.<\/p>\n\n\n\n<p class=\"has-text-align-center has-white-color has-text-color\"><strong>Read the press release on the project.<\/strong><br\/><a href=\"https:\/\/www.rikshem.se\/om-oss\/pressrum\/2017\/09\/105-nya-vardlagenheter-rikshem-forvarvar-stort-projekt-i-uppsala\/\" target=\"_blank\" rel=\"noreferrer noopener\">105 new care apartments<\/a><br\/><a href=\"https:\/\/www.rikshem.se\/om-oss\/pressrum\/2017\/10\/nordens-storsta-vardboende-rikshem-forvarvar-ytterligare-projektfastighet-i-uppsala\/\" target=\"_blank\" rel=\"noreferrer noopener\">The largest nursing home in the Nordic region<\/a><\/p>\n\n\n\n<div style=\"height:100px\" aria-hidden=\"true\" class=\"wp-block-spacer\"><\/div>\n\n<\/div><\/div><\/div>\n<\/div><div class=\"gb-grid-wrapper gb-grid-wrapper-51871b68\">\n<div class=\"gb-grid-column gb-grid-column-a738acba\"><div class=\"gb-container gb-container-a738acba\"><div class=\"gb-inside-container\">\n\n<div style=\"height:100px\" aria-hidden=\"true\" class=\"wp-block-spacer\"><\/div>\n\n\n\n<h2 class=\"has-text-align-center has-white-color has-text-color wp-block-heading\">Facts and figures<\/h2>\n\n\n\n<p class=\"has-text-align-center has-white-color has-text-color\"><strong>Type of project<\/strong>: Community property<br\/><strong>Type of accommodation<\/strong>: Nursing home<br\/><strong>BTA<\/strong>: approx. 9,000 sqm<br\/><strong>Number of apartments<\/strong>: 105<br\/><strong>Premises<\/strong>: Two to three premises<br\/><strong>Completion:<\/strong> Q1 2020<\/p>\n\n\n\n<div style=\"height:100px\" aria-hidden=\"true\" class=\"wp-block-spacer\"><\/div>\n\n<\/div><\/div><\/div>\n\n<div class=\"gb-grid-column gb-grid-column-90f2f84e\"><div class=\"gb-container gb-container-90f2f84e\"><div class=\"gb-inside-container\">\n\n<div style=\"height:100px\" aria-hidden=\"true\" class=\"wp-block-spacer\"><\/div>\n\n\n\n<h2 class=\"has-text-align-center has-white-color has-text-color wp-block-heading\">Want to know more?<\/h2>\n\n\n\n<div class=\"wp-block-buttons is-layout-flex wp-block-buttons-is-layout-flex\">\n<div class=\"wp-block-button aligncenter\"><a class=\"wp-block-button__link has-white-background-color has-text-color has-background\" href=\"https:\/\/www.ff-ab.se\/en\/?page_id=3299\" style=\"color:#9b6918\">Contact us<\/a><\/div>\n<\/div>\n\n\n\n<div style=\"height:100px\" aria-hidden=\"true\" class=\"wp-block-spacer\"><\/div>\n\n<\/div><\/div><\/div>\n<\/div>\n<div style=\"height:100px\" aria-hidden=\"true\" class=\"wp-block-spacer\"><\/div>\n","protected":false},"excerpt":{"rendered":"","protected":false},"author":5,"featured_media":0,"parent":3281,"menu_order":0,"comment_status":"closed","ping_status":"closed","template":"","meta":{"_uag_custom_page_level_css":"","footnotes":""},"class_list":["post-3300","page","type-page","status-publish","hentry"],"featured_image_src":null,"yoast_head":"<!-- This site is optimized with the Yoast SEO plugin v26.8 - https:\/\/yoast.com\/product\/yoast-seo-wordpress\/ -->\n<title>Welcome home to V\u00e5rd Norra - FFAB<\/title>\n<meta name=\"robots\" content=\"index, follow, max-snippet:-1, max-image-preview:large, max-video-preview:-1\" \/>\n<link rel=\"canonical\" href=\"https:\/\/www.ff-ab.se\/en\/community-property\/welcome-home-to-vard-norra\/\" \/>\n<meta property=\"og:locale\" content=\"en_US\" \/>\n<meta property=\"og:type\" content=\"article\" \/>\n<meta property=\"og:title\" content=\"Welcome home to V\u00e5rd Norra - FFAB\" \/>\n<meta property=\"og:url\" content=\"https:\/\/www.ff-ab.se\/en\/community-property\/welcome-home-to-vard-norra\/\" \/>\n<meta property=\"og:site_name\" content=\"FFAB\" \/>\n<meta property=\"article:modified_time\" content=\"2023-07-03T16:06:17+00:00\" \/>\n<meta name=\"twitter:card\" content=\"summary_large_image\" \/>\n<meta name=\"twitter:label1\" content=\"Est. reading time\" \/>\n\t<meta name=\"twitter:data1\" content=\"1 minute\" \/>\n<script type=\"application\/ld+json\" class=\"yoast-schema-graph\">{\"@context\":\"https:\/\/schema.org\",\"@graph\":[{\"@type\":\"WebPage\",\"@id\":\"https:\/\/www.ff-ab.se\/en\/community-property\/welcome-home-to-vard-norra\/\",\"url\":\"https:\/\/www.ff-ab.se\/en\/community-property\/welcome-home-to-vard-norra\/\",\"name\":\"Welcome home to V\u00e5rd Norra - FFAB\",\"isPartOf\":{\"@id\":\"https:\/\/www.ff-ab.se\/en\/#website\"},\"datePublished\":\"2022-03-17T09:54:33+00:00\",\"dateModified\":\"2023-07-03T16:06:17+00:00\",\"breadcrumb\":{\"@id\":\"https:\/\/www.ff-ab.se\/en\/community-property\/welcome-home-to-vard-norra\/#breadcrumb\"},\"inLanguage\":\"en-US\",\"potentialAction\":[{\"@type\":\"ReadAction\",\"target\":[\"https:\/\/www.ff-ab.se\/en\/community-property\/welcome-home-to-vard-norra\/\"]}]},{\"@type\":\"BreadcrumbList\",\"@id\":\"https:\/\/www.ff-ab.se\/en\/community-property\/welcome-home-to-vard-norra\/#breadcrumb\",\"itemListElement\":[{\"@type\":\"ListItem\",\"position\":1,\"name\":\"Home\",\"item\":\"https:\/\/www.ff-ab.se\/en\/\"},{\"@type\":\"ListItem\",\"position\":2,\"name\":\"Community properties\",\"item\":\"https:\/\/www.ff-ab.se\/en\/?page_id=3281\"},{\"@type\":\"ListItem\",\"position\":3,\"name\":\"Welcome home to V\u00e5rd Norra\"}]},{\"@type\":\"WebSite\",\"@id\":\"https:\/\/www.ff-ab.se\/en\/#website\",\"url\":\"https:\/\/www.ff-ab.se\/en\/\",\"name\":\"FFAB\",\"description\":\"VI SKAPAR ATTRAKTIVA BOST\u00c4DER OCH SAMH\u00c4LLSFASTIGHETER MED FOKUS P\u00c5 FUNKTIONALITET, DESIGN OCH KVALITET.\",\"publisher\":{\"@id\":\"https:\/\/www.ff-ab.se\/en\/#organization\"},\"potentialAction\":[{\"@type\":\"SearchAction\",\"target\":{\"@type\":\"EntryPoint\",\"urlTemplate\":\"https:\/\/www.ff-ab.se\/en\/?s={search_term_string}\"},\"query-input\":{\"@type\":\"PropertyValueSpecification\",\"valueRequired\":true,\"valueName\":\"search_term_string\"}}],\"inLanguage\":\"en-US\"},{\"@type\":\"Organization\",\"@id\":\"https:\/\/www.ff-ab.se\/en\/#organization\",\"name\":\"FFAB\",\"url\":\"https:\/\/www.ff-ab.se\/en\/\",\"logo\":{\"@type\":\"ImageObject\",\"inLanguage\":\"en-US\",\"@id\":\"https:\/\/www.ff-ab.se\/en\/#\/schema\/logo\/image\/\",\"url\":\"https:\/\/www.ff-ab.se\/wp-content\/uploads\/2022\/03\/ffab-logga.png\",\"contentUrl\":\"https:\/\/www.ff-ab.se\/wp-content\/uploads\/2022\/03\/ffab-logga.png\",\"width\":1125,\"height\":515,\"caption\":\"FFAB\"},\"image\":{\"@id\":\"https:\/\/www.ff-ab.se\/en\/#\/schema\/logo\/image\/\"}}]}<\/script>\n<!-- \/ Yoast SEO plugin. -->","yoast_head_json":{"title":"Welcome home to V\u00e5rd Norra - FFAB","robots":{"index":"index","follow":"follow","max-snippet":"max-snippet:-1","max-image-preview":"max-image-preview:large","max-video-preview":"max-video-preview:-1"},"canonical":"https:\/\/www.ff-ab.se\/en\/community-property\/welcome-home-to-vard-norra\/","og_locale":"en_US","og_type":"article","og_title":"Welcome home to V\u00e5rd Norra - FFAB","og_url":"https:\/\/www.ff-ab.se\/en\/community-property\/welcome-home-to-vard-norra\/","og_site_name":"FFAB","article_modified_time":"2023-07-03T16:06:17+00:00","twitter_card":"summary_large_image","twitter_misc":{"Est. reading time":"1 minute"},"schema":{"@context":"https:\/\/schema.org","@graph":[{"@type":"WebPage","@id":"https:\/\/www.ff-ab.se\/en\/community-property\/welcome-home-to-vard-norra\/","url":"https:\/\/www.ff-ab.se\/en\/community-property\/welcome-home-to-vard-norra\/","name":"Welcome home to V\u00e5rd Norra - FFAB","isPartOf":{"@id":"https:\/\/www.ff-ab.se\/en\/#website"},"datePublished":"2022-03-17T09:54:33+00:00","dateModified":"2023-07-03T16:06:17+00:00","breadcrumb":{"@id":"https:\/\/www.ff-ab.se\/en\/community-property\/welcome-home-to-vard-norra\/#breadcrumb"},"inLanguage":"en-US","potentialAction":[{"@type":"ReadAction","target":["https:\/\/www.ff-ab.se\/en\/community-property\/welcome-home-to-vard-norra\/"]}]},{"@type":"BreadcrumbList","@id":"https:\/\/www.ff-ab.se\/en\/community-property\/welcome-home-to-vard-norra\/#breadcrumb","itemListElement":[{"@type":"ListItem","position":1,"name":"Home","item":"https:\/\/www.ff-ab.se\/en\/"},{"@type":"ListItem","position":2,"name":"Community properties","item":"https:\/\/www.ff-ab.se\/en\/?page_id=3281"},{"@type":"ListItem","position":3,"name":"Welcome home to V\u00e5rd Norra"}]},{"@type":"WebSite","@id":"https:\/\/www.ff-ab.se\/en\/#website","url":"https:\/\/www.ff-ab.se\/en\/","name":"FFAB","description":"VI SKAPAR ATTRAKTIVA BOST\u00c4DER OCH SAMH\u00c4LLSFASTIGHETER MED FOKUS P\u00c5 FUNKTIONALITET, DESIGN OCH KVALITET.","publisher":{"@id":"https:\/\/www.ff-ab.se\/en\/#organization"},"potentialAction":[{"@type":"SearchAction","target":{"@type":"EntryPoint","urlTemplate":"https:\/\/www.ff-ab.se\/en\/?s={search_term_string}"},"query-input":{"@type":"PropertyValueSpecification","valueRequired":true,"valueName":"search_term_string"}}],"inLanguage":"en-US"},{"@type":"Organization","@id":"https:\/\/www.ff-ab.se\/en\/#organization","name":"FFAB","url":"https:\/\/www.ff-ab.se\/en\/","logo":{"@type":"ImageObject","inLanguage":"en-US","@id":"https:\/\/www.ff-ab.se\/en\/#\/schema\/logo\/image\/","url":"https:\/\/www.ff-ab.se\/wp-content\/uploads\/2022\/03\/ffab-logga.png","contentUrl":"https:\/\/www.ff-ab.se\/wp-content\/uploads\/2022\/03\/ffab-logga.png","width":1125,"height":515,"caption":"FFAB"},"image":{"@id":"https:\/\/www.ff-ab.se\/en\/#\/schema\/logo\/image\/"}}]}},"uagb_featured_image_src":{"full":false,"thumbnail":false,"medium":false,"medium_large":false,"large":false,"1536x1536":false,"2048x2048":false},"uagb_author_info":{"display_name":"Stefan Larsson","author_link":"https:\/\/www.ff-ab.se\/en\/author\/andrew\/"},"uagb_comment_info":0,"uagb_excerpt":null,"_links":{"self":[{"href":"https:\/\/www.ff-ab.se\/en\/wp-json\/wp\/v2\/pages\/3300","targetHints":{"allow":["GET"]}}],"collection":[{"href":"https:\/\/www.ff-ab.se\/en\/wp-json\/wp\/v2\/pages"}],"about":[{"href":"https:\/\/www.ff-ab.se\/en\/wp-json\/wp\/v2\/types\/page"}],"author":[{"embeddable":true,"href":"https:\/\/www.ff-ab.se\/en\/wp-json\/wp\/v2\/users\/5"}],"replies":[{"embeddable":true,"href":"https:\/\/www.ff-ab.se\/en\/wp-json\/wp\/v2\/comments?post=3300"}],"version-history":[{"count":4,"href":"https:\/\/www.ff-ab.se\/en\/wp-json\/wp\/v2\/pages\/3300\/revisions"}],"predecessor-version":[{"id":4064,"href":"https:\/\/www.ff-ab.se\/en\/wp-json\/wp\/v2\/pages\/3300\/revisions\/4064"}],"up":[{"embeddable":true,"href":"https:\/\/www.ff-ab.se\/en\/wp-json\/wp\/v2\/pages\/3281"}],"wp:attachment":[{"href":"https:\/\/www.ff-ab.se\/en\/wp-json\/wp\/v2\/media?parent=3300"}],"curies":[{"name":"wp","href":"https:\/\/api.w.org\/{rel}","templated":true}]}}