{"id":3313,"date":"2019-09-03T13:51:42","date_gmt":"2019-09-03T13:51:42","guid":{"rendered":"https:\/\/www.ff-ab.se\/privacy-policy\/"},"modified":"2023-06-30T08:48:50","modified_gmt":"2023-06-30T08:48:50","slug":"privacy-policy","status":"publish","type":"page","link":"https:\/\/www.ff-ab.se\/en\/privacy-policy\/","title":{"rendered":"Privacy Policy"},"content":{"rendered":"<div class=\"gb-grid-wrapper gb-grid-wrapper-a5d3cb68\">\n<div class=\"gb-grid-column gb-grid-column-ea9f9c4a\"><div class=\"gb-container gb-container-ea9f9c4a\"><div class=\"gb-inside-container\">\n\n<h2 class=\"has-text-align-center has-white-color has-text-color wp-block-heading\">COOKIE POLICY<\/h2>\n\n\n\n<p class=\"has-text-align-center has-white-color has-text-color\"><strong>What does the law say?<\/strong><br class=\"\"\/><br class=\"\"\/>According to the Electronic Communications Act (2003:389), anyone who visits a website that uses cookies (small text files containing information) must be informed about which cookies are used, what they are used for, and how they can be avoided. Read more about the law and its implications on the website of the Swedish Post and Telecom Authority.<br class=\"\"\/><br class=\"\"\/>We would like to inform you that we use so-called cookies on this website. A cookie is a text file stored on your computer.<br class=\"\"\/><br class=\"\"\/><strong>About cookies<\/strong><br class=\"\"\/><br class=\"\"\/>Cookies are used by <a class=\"\" href=\"http:\/\/www.ff-ab.se\/\">www.ff-ab.se<\/a> to give you as a visitor access to various basic functions to facilitate your use and improve your experience of the websites. Information stored in cookies includes, for example, information about forms you have completed and settings for how websites are displayed (resolution, language, etc.). To improve the websites, Fastighetsf\u00f6r\u00e4dlarna i M\u00e4lardalen AB also uses cookies to keep statistics on our visitors. The information collected is de-identified and personal data that can be linked to you is never used for statistical purposes.<br class=\"\"\/><br class=\"\"\/>There are two types of cookies. One type saves a file for a longer period of time on your computer. It is used, for example, in functions that tell you what is new since the user last visited the website in question. The second type of cookies, known as session cookies, are only stored temporarily while you are browsing a page. <br class=\"\"\/><br class=\"\"\/><strong>Turning off cookies<\/strong><br class=\"\"\/><br class=\"\"\/>You don&#8217;t have to agree to receive cookies if you don&#8217;t want to and you can disable cookies at any time by adjusting your browser&#8217;s security settings. How to proceed is described in your browser&#8217;s help section. Through your browser settings, you can also delete any cookies already stored on your computer. Please note, however, that if you disable cookies, some services and\/or pages may stop working completely or partially.<\/p>\n\n<\/div><\/div><\/div>\n<\/div>","protected":false},"excerpt":{"rendered":"","protected":false},"author":1,"featured_media":0,"parent":0,"menu_order":0,"comment_status":"closed","ping_status":"open","template":"","meta":{"_uag_custom_page_level_css":"","footnotes":""},"class_list":["post-3313","page","type-page","status-publish","hentry"],"featured_image_src":null,"yoast_head":"<!-- This site is optimized with the Yoast SEO plugin v26.8 - https:\/\/yoast.com\/product\/yoast-seo-wordpress\/ -->\n<title>Privacy Policy - FFAB<\/title>\n<meta name=\"robots\" content=\"index, follow, max-snippet:-1, max-image-preview:large, max-video-preview:-1\" \/>\n<link rel=\"canonical\" href=\"https:\/\/www.ff-ab.se\/en\/privacy-policy\/\" \/>\n<meta property=\"og:locale\" content=\"en_US\" \/>\n<meta property=\"og:type\" content=\"article\" \/>\n<meta property=\"og:title\" content=\"Privacy Policy - FFAB\" \/>\n<meta property=\"og:url\" content=\"https:\/\/www.ff-ab.se\/en\/privacy-policy\/\" \/>\n<meta property=\"og:site_name\" content=\"FFAB\" \/>\n<meta property=\"article:modified_time\" content=\"2023-06-30T08:48:50+00:00\" \/>\n<meta name=\"twitter:card\" content=\"summary_large_image\" \/>\n<meta name=\"twitter:label1\" content=\"Est. reading time\" \/>\n\t<meta name=\"twitter:data1\" content=\"2 minutes\" \/>\n<script type=\"application\/ld+json\" class=\"yoast-schema-graph\">{\"@context\":\"https:\/\/schema.org\",\"@graph\":[{\"@type\":\"WebPage\",\"@id\":\"https:\/\/www.ff-ab.se\/en\/privacy-policy\/\",\"url\":\"https:\/\/www.ff-ab.se\/en\/privacy-policy\/\",\"name\":\"Privacy Policy - FFAB\",\"isPartOf\":{\"@id\":\"https:\/\/www.ff-ab.se\/en\/#website\"},\"datePublished\":\"2019-09-03T13:51:42+00:00\",\"dateModified\":\"2023-06-30T08:48:50+00:00\",\"breadcrumb\":{\"@id\":\"https:\/\/www.ff-ab.se\/en\/privacy-policy\/#breadcrumb\"},\"inLanguage\":\"en-US\",\"potentialAction\":[{\"@type\":\"ReadAction\",\"target\":[\"https:\/\/www.ff-ab.se\/en\/privacy-policy\/\"]}]},{\"@type\":\"BreadcrumbList\",\"@id\":\"https:\/\/www.ff-ab.se\/en\/privacy-policy\/#breadcrumb\",\"itemListElement\":[{\"@type\":\"ListItem\",\"position\":1,\"name\":\"Home\",\"item\":\"https:\/\/www.ff-ab.se\/en\/\"},{\"@type\":\"ListItem\",\"position\":2,\"name\":\"Privacy Policy\"}]},{\"@type\":\"WebSite\",\"@id\":\"https:\/\/www.ff-ab.se\/en\/#website\",\"url\":\"https:\/\/www.ff-ab.se\/en\/\",\"name\":\"FFAB\",\"description\":\"VI SKAPAR ATTRAKTIVA BOST\u00c4DER OCH SAMH\u00c4LLSFASTIGHETER MED FOKUS P\u00c5 FUNKTIONALITET, DESIGN OCH KVALITET.\",\"publisher\":{\"@id\":\"https:\/\/www.ff-ab.se\/en\/#organization\"},\"potentialAction\":[{\"@type\":\"SearchAction\",\"target\":{\"@type\":\"EntryPoint\",\"urlTemplate\":\"https:\/\/www.ff-ab.se\/en\/?s={search_term_string}\"},\"query-input\":{\"@type\":\"PropertyValueSpecification\",\"valueRequired\":true,\"valueName\":\"search_term_string\"}}],\"inLanguage\":\"en-US\"},{\"@type\":\"Organization\",\"@id\":\"https:\/\/www.ff-ab.se\/en\/#organization\",\"name\":\"FFAB\",\"url\":\"https:\/\/www.ff-ab.se\/en\/\",\"logo\":{\"@type\":\"ImageObject\",\"inLanguage\":\"en-US\",\"@id\":\"https:\/\/www.ff-ab.se\/en\/#\/schema\/logo\/image\/\",\"url\":\"https:\/\/www.ff-ab.se\/wp-content\/uploads\/2022\/03\/ffab-logga.png\",\"contentUrl\":\"https:\/\/www.ff-ab.se\/wp-content\/uploads\/2022\/03\/ffab-logga.png\",\"width\":1125,\"height\":515,\"caption\":\"FFAB\"},\"image\":{\"@id\":\"https:\/\/www.ff-ab.se\/en\/#\/schema\/logo\/image\/\"}}]}<\/script>\n<!-- \/ Yoast SEO plugin. -->","yoast_head_json":{"title":"Privacy Policy - FFAB","robots":{"index":"index","follow":"follow","max-snippet":"max-snippet:-1","max-image-preview":"max-image-preview:large","max-video-preview":"max-video-preview:-1"},"canonical":"https:\/\/www.ff-ab.se\/en\/privacy-policy\/","og_locale":"en_US","og_type":"article","og_title":"Privacy Policy - FFAB","og_url":"https:\/\/www.ff-ab.se\/en\/privacy-policy\/","og_site_name":"FFAB","article_modified_time":"2023-06-30T08:48:50+00:00","twitter_card":"summary_large_image","twitter_misc":{"Est. reading time":"2 minutes"},"schema":{"@context":"https:\/\/schema.org","@graph":[{"@type":"WebPage","@id":"https:\/\/www.ff-ab.se\/en\/privacy-policy\/","url":"https:\/\/www.ff-ab.se\/en\/privacy-policy\/","name":"Privacy Policy - FFAB","isPartOf":{"@id":"https:\/\/www.ff-ab.se\/en\/#website"},"datePublished":"2019-09-03T13:51:42+00:00","dateModified":"2023-06-30T08:48:50+00:00","breadcrumb":{"@id":"https:\/\/www.ff-ab.se\/en\/privacy-policy\/#breadcrumb"},"inLanguage":"en-US","potentialAction":[{"@type":"ReadAction","target":["https:\/\/www.ff-ab.se\/en\/privacy-policy\/"]}]},{"@type":"BreadcrumbList","@id":"https:\/\/www.ff-ab.se\/en\/privacy-policy\/#breadcrumb","itemListElement":[{"@type":"ListItem","position":1,"name":"Home","item":"https:\/\/www.ff-ab.se\/en\/"},{"@type":"ListItem","position":2,"name":"Privacy Policy"}]},{"@type":"WebSite","@id":"https:\/\/www.ff-ab.se\/en\/#website","url":"https:\/\/www.ff-ab.se\/en\/","name":"FFAB","description":"VI SKAPAR ATTRAKTIVA BOST\u00c4DER OCH SAMH\u00c4LLSFASTIGHETER MED FOKUS P\u00c5 FUNKTIONALITET, DESIGN OCH KVALITET.","publisher":{"@id":"https:\/\/www.ff-ab.se\/en\/#organization"},"potentialAction":[{"@type":"SearchAction","target":{"@type":"EntryPoint","urlTemplate":"https:\/\/www.ff-ab.se\/en\/?s={search_term_string}"},"query-input":{"@type":"PropertyValueSpecification","valueRequired":true,"valueName":"search_term_string"}}],"inLanguage":"en-US"},{"@type":"Organization","@id":"https:\/\/www.ff-ab.se\/en\/#organization","name":"FFAB","url":"https:\/\/www.ff-ab.se\/en\/","logo":{"@type":"ImageObject","inLanguage":"en-US","@id":"https:\/\/www.ff-ab.se\/en\/#\/schema\/logo\/image\/","url":"https:\/\/www.ff-ab.se\/wp-content\/uploads\/2022\/03\/ffab-logga.png","contentUrl":"https:\/\/www.ff-ab.se\/wp-content\/uploads\/2022\/03\/ffab-logga.png","width":1125,"height":515,"caption":"FFAB"},"image":{"@id":"https:\/\/www.ff-ab.se\/en\/#\/schema\/logo\/image\/"}}]}},"uagb_featured_image_src":{"full":false,"thumbnail":false,"medium":false,"medium_large":false,"large":false,"1536x1536":false,"2048x2048":false},"uagb_author_info":{"display_name":"admin","author_link":"https:\/\/www.ff-ab.se\/en\/author\/admin_oas\/"},"uagb_comment_info":0,"uagb_excerpt":null,"_links":{"self":[{"href":"https:\/\/www.ff-ab.se\/en\/wp-json\/wp\/v2\/pages\/3313","targetHints":{"allow":["GET"]}}],"collection":[{"href":"https:\/\/www.ff-ab.se\/en\/wp-json\/wp\/v2\/pages"}],"about":[{"href":"https:\/\/www.ff-ab.se\/en\/wp-json\/wp\/v2\/types\/page"}],"author":[{"embeddable":true,"href":"https:\/\/www.ff-ab.se\/en\/wp-json\/wp\/v2\/users\/1"}],"replies":[{"embeddable":true,"href":"https:\/\/www.ff-ab.se\/en\/wp-json\/wp\/v2\/comments?post=3313"}],"version-history":[{"count":4,"href":"https:\/\/www.ff-ab.se\/en\/wp-json\/wp\/v2\/pages\/3313\/revisions"}],"predecessor-version":[{"id":3596,"href":"https:\/\/www.ff-ab.se\/en\/wp-json\/wp\/v2\/pages\/3313\/revisions\/3596"}],"wp:attachment":[{"href":"https:\/\/www.ff-ab.se\/en\/wp-json\/wp\/v2\/media?parent=3313"}],"curies":[{"name":"wp","href":"https:\/\/api.w.org\/{rel}","templated":true}]}}