{"id":3315,"date":"2022-03-24T10:24:47","date_gmt":"2022-03-24T10:24:47","guid":{"rendered":"https:\/\/www.ff-ab.se\/housing\/brf-kilsviken\/"},"modified":"2023-07-04T08:18:19","modified_gmt":"2023-07-04T08:18:19","slug":"brf-kilsviken","status":"publish","type":"page","link":"https:\/\/www.ff-ab.se\/en\/housing\/brf-kilsviken\/","title":{"rendered":"Brf Kilsviken"},"content":{"rendered":"<div class=\"gb-grid-wrapper gb-grid-wrapper-2757b87f\">\n<div class=\"gb-grid-column gb-grid-column-8d067620\"><div class=\"gb-container gb-container-8d067620\"><div class=\"gb-inside-container\">\n\n<h2 class=\"has-white-color has-text-color wp-block-heading\">Welcome home to Brf Kilsviken<\/h2>\n\n\n\n<h2 class=\"has-white-color has-text-color wp-block-heading\">Nacka<\/h2>\n\n\n\n<p class=\"has-white-color has-text-color\">Together with FFAB, Notar is proud to present this modern and family-friendly accommodation that offers an archipelago environment close to central Stockholm.<\/p>\n\n\n\n<p class=\"has-white-color has-text-color\">The housing association has a long shoreline in Kilsviken next to Baggensfj\u00e4rden, which will be developed with a jetty with boat moorings, a sandy beach, and a boathouse with a sauna for the association&#8217;s members. There is a newly built playground in the area and good preschools and schools in the neighborhood, as well as recreational activities such as golf, horseback riding, ice skating, and kayaking.<\/p>\n\n\n\n<p class=\"has-white-color has-text-color\">The houses are distributed on two floors of 4 to 5 rooms with high standards and tasteful materials. Adjacent to the kitchen and living room are two large patios totaling about 60 sqm and a large balcony of 10 sqm from the master bedroom.<\/p>\n\n\n\n<p class=\"has-white-color has-text-color\">All in all, this is a complete family home in direct connection to nature and the archipelago with good communications to central Stockholm.<\/p>\n\n\n\n<p class=\"has-white-color has-text-color\"><strong>SOLD OUT! Moving in starting in January 2016.<\/strong><\/p>\n\n\n\n<p class=\"has-white-color has-text-color\"><strong>Number of apartments<\/strong>: 30<br\/><strong>Access<\/strong>: Start January 2016<\/p>\n\n<\/div><\/div><\/div>\n<\/div>","protected":false},"excerpt":{"rendered":"","protected":false},"author":5,"featured_media":0,"parent":3301,"menu_order":0,"comment_status":"closed","ping_status":"closed","template":"","meta":{"_uag_custom_page_level_css":"","footnotes":""},"class_list":["post-3315","page","type-page","status-publish","hentry"],"featured_image_src":null,"yoast_head":"<!-- This site is optimized with the Yoast SEO plugin v26.8 - https:\/\/yoast.com\/product\/yoast-seo-wordpress\/ -->\n<title>Brf Kilsviken - FFAB<\/title>\n<meta name=\"robots\" content=\"index, follow, max-snippet:-1, max-image-preview:large, max-video-preview:-1\" \/>\n<link rel=\"canonical\" href=\"https:\/\/www.ff-ab.se\/en\/housing\/brf-kilsviken\/\" \/>\n<meta property=\"og:locale\" content=\"en_US\" \/>\n<meta property=\"og:type\" content=\"article\" \/>\n<meta property=\"og:title\" content=\"Brf Kilsviken - FFAB\" \/>\n<meta property=\"og:url\" content=\"https:\/\/www.ff-ab.se\/en\/housing\/brf-kilsviken\/\" \/>\n<meta property=\"og:site_name\" content=\"FFAB\" \/>\n<meta property=\"article:modified_time\" content=\"2023-07-04T08:18:19+00:00\" \/>\n<meta name=\"twitter:card\" content=\"summary_large_image\" \/>\n<meta name=\"twitter:label1\" content=\"Est. reading time\" \/>\n\t<meta name=\"twitter:data1\" content=\"1 minute\" \/>\n<script type=\"application\/ld+json\" class=\"yoast-schema-graph\">{\"@context\":\"https:\/\/schema.org\",\"@graph\":[{\"@type\":\"WebPage\",\"@id\":\"https:\/\/www.ff-ab.se\/en\/housing\/brf-kilsviken\/\",\"url\":\"https:\/\/www.ff-ab.se\/en\/housing\/brf-kilsviken\/\",\"name\":\"Brf Kilsviken - FFAB\",\"isPartOf\":{\"@id\":\"https:\/\/www.ff-ab.se\/en\/#website\"},\"datePublished\":\"2022-03-24T10:24:47+00:00\",\"dateModified\":\"2023-07-04T08:18:19+00:00\",\"breadcrumb\":{\"@id\":\"https:\/\/www.ff-ab.se\/en\/housing\/brf-kilsviken\/#breadcrumb\"},\"inLanguage\":\"en-US\",\"potentialAction\":[{\"@type\":\"ReadAction\",\"target\":[\"https:\/\/www.ff-ab.se\/en\/housing\/brf-kilsviken\/\"]}]},{\"@type\":\"BreadcrumbList\",\"@id\":\"https:\/\/www.ff-ab.se\/en\/housing\/brf-kilsviken\/#breadcrumb\",\"itemListElement\":[{\"@type\":\"ListItem\",\"position\":1,\"name\":\"Home\",\"item\":\"https:\/\/www.ff-ab.se\/en\/\"},{\"@type\":\"ListItem\",\"position\":2,\"name\":\"Housing\",\"item\":\"https:\/\/www.ff-ab.se\/en\/housing\/\"},{\"@type\":\"ListItem\",\"position\":3,\"name\":\"Brf Kilsviken\"}]},{\"@type\":\"WebSite\",\"@id\":\"https:\/\/www.ff-ab.se\/en\/#website\",\"url\":\"https:\/\/www.ff-ab.se\/en\/\",\"name\":\"FFAB\",\"description\":\"VI SKAPAR ATTRAKTIVA BOST\u00c4DER OCH SAMH\u00c4LLSFASTIGHETER MED FOKUS P\u00c5 FUNKTIONALITET, DESIGN OCH KVALITET.\",\"publisher\":{\"@id\":\"https:\/\/www.ff-ab.se\/en\/#organization\"},\"potentialAction\":[{\"@type\":\"SearchAction\",\"target\":{\"@type\":\"EntryPoint\",\"urlTemplate\":\"https:\/\/www.ff-ab.se\/en\/?s={search_term_string}\"},\"query-input\":{\"@type\":\"PropertyValueSpecification\",\"valueRequired\":true,\"valueName\":\"search_term_string\"}}],\"inLanguage\":\"en-US\"},{\"@type\":\"Organization\",\"@id\":\"https:\/\/www.ff-ab.se\/en\/#organization\",\"name\":\"FFAB\",\"url\":\"https:\/\/www.ff-ab.se\/en\/\",\"logo\":{\"@type\":\"ImageObject\",\"inLanguage\":\"en-US\",\"@id\":\"https:\/\/www.ff-ab.se\/en\/#\/schema\/logo\/image\/\",\"url\":\"https:\/\/www.ff-ab.se\/wp-content\/uploads\/2022\/03\/ffab-logga.png\",\"contentUrl\":\"https:\/\/www.ff-ab.se\/wp-content\/uploads\/2022\/03\/ffab-logga.png\",\"width\":1125,\"height\":515,\"caption\":\"FFAB\"},\"image\":{\"@id\":\"https:\/\/www.ff-ab.se\/en\/#\/schema\/logo\/image\/\"}}]}<\/script>\n<!-- \/ Yoast SEO plugin. -->","yoast_head_json":{"title":"Brf Kilsviken - FFAB","robots":{"index":"index","follow":"follow","max-snippet":"max-snippet:-1","max-image-preview":"max-image-preview:large","max-video-preview":"max-video-preview:-1"},"canonical":"https:\/\/www.ff-ab.se\/en\/housing\/brf-kilsviken\/","og_locale":"en_US","og_type":"article","og_title":"Brf Kilsviken - FFAB","og_url":"https:\/\/www.ff-ab.se\/en\/housing\/brf-kilsviken\/","og_site_name":"FFAB","article_modified_time":"2023-07-04T08:18:19+00:00","twitter_card":"summary_large_image","twitter_misc":{"Est. reading time":"1 minute"},"schema":{"@context":"https:\/\/schema.org","@graph":[{"@type":"WebPage","@id":"https:\/\/www.ff-ab.se\/en\/housing\/brf-kilsviken\/","url":"https:\/\/www.ff-ab.se\/en\/housing\/brf-kilsviken\/","name":"Brf Kilsviken - FFAB","isPartOf":{"@id":"https:\/\/www.ff-ab.se\/en\/#website"},"datePublished":"2022-03-24T10:24:47+00:00","dateModified":"2023-07-04T08:18:19+00:00","breadcrumb":{"@id":"https:\/\/www.ff-ab.se\/en\/housing\/brf-kilsviken\/#breadcrumb"},"inLanguage":"en-US","potentialAction":[{"@type":"ReadAction","target":["https:\/\/www.ff-ab.se\/en\/housing\/brf-kilsviken\/"]}]},{"@type":"BreadcrumbList","@id":"https:\/\/www.ff-ab.se\/en\/housing\/brf-kilsviken\/#breadcrumb","itemListElement":[{"@type":"ListItem","position":1,"name":"Home","item":"https:\/\/www.ff-ab.se\/en\/"},{"@type":"ListItem","position":2,"name":"Housing","item":"https:\/\/www.ff-ab.se\/en\/housing\/"},{"@type":"ListItem","position":3,"name":"Brf Kilsviken"}]},{"@type":"WebSite","@id":"https:\/\/www.ff-ab.se\/en\/#website","url":"https:\/\/www.ff-ab.se\/en\/","name":"FFAB","description":"VI SKAPAR ATTRAKTIVA BOST\u00c4DER OCH SAMH\u00c4LLSFASTIGHETER MED FOKUS P\u00c5 FUNKTIONALITET, DESIGN OCH KVALITET.","publisher":{"@id":"https:\/\/www.ff-ab.se\/en\/#organization"},"potentialAction":[{"@type":"SearchAction","target":{"@type":"EntryPoint","urlTemplate":"https:\/\/www.ff-ab.se\/en\/?s={search_term_string}"},"query-input":{"@type":"PropertyValueSpecification","valueRequired":true,"valueName":"search_term_string"}}],"inLanguage":"en-US"},{"@type":"Organization","@id":"https:\/\/www.ff-ab.se\/en\/#organization","name":"FFAB","url":"https:\/\/www.ff-ab.se\/en\/","logo":{"@type":"ImageObject","inLanguage":"en-US","@id":"https:\/\/www.ff-ab.se\/en\/#\/schema\/logo\/image\/","url":"https:\/\/www.ff-ab.se\/wp-content\/uploads\/2022\/03\/ffab-logga.png","contentUrl":"https:\/\/www.ff-ab.se\/wp-content\/uploads\/2022\/03\/ffab-logga.png","width":1125,"height":515,"caption":"FFAB"},"image":{"@id":"https:\/\/www.ff-ab.se\/en\/#\/schema\/logo\/image\/"}}]}},"uagb_featured_image_src":{"full":false,"thumbnail":false,"medium":false,"medium_large":false,"large":false,"1536x1536":false,"2048x2048":false},"uagb_author_info":{"display_name":"Stefan Larsson","author_link":"https:\/\/www.ff-ab.se\/en\/author\/andrew\/"},"uagb_comment_info":0,"uagb_excerpt":null,"_links":{"self":[{"href":"https:\/\/www.ff-ab.se\/en\/wp-json\/wp\/v2\/pages\/3315","targetHints":{"allow":["GET"]}}],"collection":[{"href":"https:\/\/www.ff-ab.se\/en\/wp-json\/wp\/v2\/pages"}],"about":[{"href":"https:\/\/www.ff-ab.se\/en\/wp-json\/wp\/v2\/types\/page"}],"author":[{"embeddable":true,"href":"https:\/\/www.ff-ab.se\/en\/wp-json\/wp\/v2\/users\/5"}],"replies":[{"embeddable":true,"href":"https:\/\/www.ff-ab.se\/en\/wp-json\/wp\/v2\/comments?post=3315"}],"version-history":[{"count":4,"href":"https:\/\/www.ff-ab.se\/en\/wp-json\/wp\/v2\/pages\/3315\/revisions"}],"predecessor-version":[{"id":4078,"href":"https:\/\/www.ff-ab.se\/en\/wp-json\/wp\/v2\/pages\/3315\/revisions\/4078"}],"up":[{"embeddable":true,"href":"https:\/\/www.ff-ab.se\/en\/wp-json\/wp\/v2\/pages\/3301"}],"wp:attachment":[{"href":"https:\/\/www.ff-ab.se\/en\/wp-json\/wp\/v2\/media?parent=3315"}],"curies":[{"name":"wp","href":"https:\/\/api.w.org\/{rel}","templated":true}]}}