{"id":3316,"date":"2022-03-24T10:37:32","date_gmt":"2022-03-24T10:37:32","guid":{"rendered":"https:\/\/www.ff-ab.se\/housing\/ursvik-avenue\/"},"modified":"2023-07-04T08:40:16","modified_gmt":"2023-07-04T08:40:16","slug":"ursvik-avenue","status":"publish","type":"page","link":"https:\/\/www.ff-ab.se\/en\/housing\/ursvik-avenue\/","title":{"rendered":"Brf Ursvik All\u00e9"},"content":{"rendered":"<div class=\"gb-grid-wrapper gb-grid-wrapper-d687ce05\">\n<div class=\"gb-grid-column gb-grid-column-9e339450\"><div class=\"gb-container gb-container-9e339450\"><div class=\"gb-inside-container\">\n\n<h2 class=\"has-white-color has-text-color wp-block-heading\">Welcome home to Brf Ursvik All\u00e9<\/h2>\n\n\n\n<p class=\"has-white-color has-text-color\">In scenic Ursvik, a vibrant residential area is emerging where we are developing 27 homes with 2-4 rooms and a kitchen. The location offers both proximity to nature reserves and to Stockholm City, which will be further improved with an expanded tramway by spring 2022.<\/p>\n\n\n\n<p class=\"has-white-color has-text-color\">Ursvik is a constantly expanding area close to Kista, Solna, and Sundbyberg. There are several restaurants, gyms, and beauty salons in the immediate vicinity. In the area, you will also find the Igelb\u00e4ckens nature reserve, which offers space for outdoor activities both on sunny summer days and on cold winter days.<\/p>\n\n\n\n<p class=\"has-white-color has-text-color\">For viewing contact the agent <a href=\"https:\/\/www.erasweden.com\/kontor\/era-storstad\/bostad\/1402007\" target=\"_blank\" rel=\"noreferrer noopener\">here<\/a>.<\/p>\n\n<\/div><\/div><\/div>\n<\/div>","protected":false},"excerpt":{"rendered":"","protected":false},"author":5,"featured_media":0,"parent":3301,"menu_order":0,"comment_status":"closed","ping_status":"closed","template":"","meta":{"_uag_custom_page_level_css":"","footnotes":""},"class_list":["post-3316","page","type-page","status-publish","hentry"],"featured_image_src":null,"yoast_head":"<!-- This site is optimized with the Yoast SEO plugin v26.8 - https:\/\/yoast.com\/product\/yoast-seo-wordpress\/ -->\n<title>Brf Ursvik All\u00e9 - FFAB<\/title>\n<meta name=\"robots\" content=\"index, follow, max-snippet:-1, max-image-preview:large, max-video-preview:-1\" \/>\n<link rel=\"canonical\" href=\"https:\/\/www.ff-ab.se\/en\/housing\/ursvik-avenue\/\" \/>\n<meta property=\"og:locale\" content=\"en_US\" \/>\n<meta property=\"og:type\" content=\"article\" \/>\n<meta property=\"og:title\" content=\"Brf Ursvik All\u00e9 - FFAB\" \/>\n<meta property=\"og:url\" content=\"https:\/\/www.ff-ab.se\/en\/housing\/ursvik-avenue\/\" \/>\n<meta property=\"og:site_name\" content=\"FFAB\" \/>\n<meta property=\"article:modified_time\" content=\"2023-07-04T08:40:16+00:00\" \/>\n<meta name=\"twitter:card\" content=\"summary_large_image\" \/>\n<meta name=\"twitter:label1\" content=\"Est. reading time\" \/>\n\t<meta name=\"twitter:data1\" content=\"1 minute\" \/>\n<script type=\"application\/ld+json\" class=\"yoast-schema-graph\">{\"@context\":\"https:\/\/schema.org\",\"@graph\":[{\"@type\":\"WebPage\",\"@id\":\"https:\/\/www.ff-ab.se\/en\/housing\/ursvik-avenue\/\",\"url\":\"https:\/\/www.ff-ab.se\/en\/housing\/ursvik-avenue\/\",\"name\":\"Brf Ursvik All\u00e9 - FFAB\",\"isPartOf\":{\"@id\":\"https:\/\/www.ff-ab.se\/en\/#website\"},\"datePublished\":\"2022-03-24T10:37:32+00:00\",\"dateModified\":\"2023-07-04T08:40:16+00:00\",\"breadcrumb\":{\"@id\":\"https:\/\/www.ff-ab.se\/en\/housing\/ursvik-avenue\/#breadcrumb\"},\"inLanguage\":\"en-US\",\"potentialAction\":[{\"@type\":\"ReadAction\",\"target\":[\"https:\/\/www.ff-ab.se\/en\/housing\/ursvik-avenue\/\"]}]},{\"@type\":\"BreadcrumbList\",\"@id\":\"https:\/\/www.ff-ab.se\/en\/housing\/ursvik-avenue\/#breadcrumb\",\"itemListElement\":[{\"@type\":\"ListItem\",\"position\":1,\"name\":\"Home\",\"item\":\"https:\/\/www.ff-ab.se\/en\/\"},{\"@type\":\"ListItem\",\"position\":2,\"name\":\"Housing\",\"item\":\"https:\/\/www.ff-ab.se\/en\/housing\/\"},{\"@type\":\"ListItem\",\"position\":3,\"name\":\"Brf Ursvik All\u00e9\"}]},{\"@type\":\"WebSite\",\"@id\":\"https:\/\/www.ff-ab.se\/en\/#website\",\"url\":\"https:\/\/www.ff-ab.se\/en\/\",\"name\":\"FFAB\",\"description\":\"VI SKAPAR ATTRAKTIVA BOST\u00c4DER OCH SAMH\u00c4LLSFASTIGHETER MED FOKUS P\u00c5 FUNKTIONALITET, DESIGN OCH KVALITET.\",\"publisher\":{\"@id\":\"https:\/\/www.ff-ab.se\/en\/#organization\"},\"potentialAction\":[{\"@type\":\"SearchAction\",\"target\":{\"@type\":\"EntryPoint\",\"urlTemplate\":\"https:\/\/www.ff-ab.se\/en\/?s={search_term_string}\"},\"query-input\":{\"@type\":\"PropertyValueSpecification\",\"valueRequired\":true,\"valueName\":\"search_term_string\"}}],\"inLanguage\":\"en-US\"},{\"@type\":\"Organization\",\"@id\":\"https:\/\/www.ff-ab.se\/en\/#organization\",\"name\":\"FFAB\",\"url\":\"https:\/\/www.ff-ab.se\/en\/\",\"logo\":{\"@type\":\"ImageObject\",\"inLanguage\":\"en-US\",\"@id\":\"https:\/\/www.ff-ab.se\/en\/#\/schema\/logo\/image\/\",\"url\":\"https:\/\/www.ff-ab.se\/wp-content\/uploads\/2022\/03\/ffab-logga.png\",\"contentUrl\":\"https:\/\/www.ff-ab.se\/wp-content\/uploads\/2022\/03\/ffab-logga.png\",\"width\":1125,\"height\":515,\"caption\":\"FFAB\"},\"image\":{\"@id\":\"https:\/\/www.ff-ab.se\/en\/#\/schema\/logo\/image\/\"}}]}<\/script>\n<!-- \/ Yoast SEO plugin. -->","yoast_head_json":{"title":"Brf Ursvik All\u00e9 - FFAB","robots":{"index":"index","follow":"follow","max-snippet":"max-snippet:-1","max-image-preview":"max-image-preview:large","max-video-preview":"max-video-preview:-1"},"canonical":"https:\/\/www.ff-ab.se\/en\/housing\/ursvik-avenue\/","og_locale":"en_US","og_type":"article","og_title":"Brf Ursvik All\u00e9 - FFAB","og_url":"https:\/\/www.ff-ab.se\/en\/housing\/ursvik-avenue\/","og_site_name":"FFAB","article_modified_time":"2023-07-04T08:40:16+00:00","twitter_card":"summary_large_image","twitter_misc":{"Est. reading time":"1 minute"},"schema":{"@context":"https:\/\/schema.org","@graph":[{"@type":"WebPage","@id":"https:\/\/www.ff-ab.se\/en\/housing\/ursvik-avenue\/","url":"https:\/\/www.ff-ab.se\/en\/housing\/ursvik-avenue\/","name":"Brf Ursvik All\u00e9 - FFAB","isPartOf":{"@id":"https:\/\/www.ff-ab.se\/en\/#website"},"datePublished":"2022-03-24T10:37:32+00:00","dateModified":"2023-07-04T08:40:16+00:00","breadcrumb":{"@id":"https:\/\/www.ff-ab.se\/en\/housing\/ursvik-avenue\/#breadcrumb"},"inLanguage":"en-US","potentialAction":[{"@type":"ReadAction","target":["https:\/\/www.ff-ab.se\/en\/housing\/ursvik-avenue\/"]}]},{"@type":"BreadcrumbList","@id":"https:\/\/www.ff-ab.se\/en\/housing\/ursvik-avenue\/#breadcrumb","itemListElement":[{"@type":"ListItem","position":1,"name":"Home","item":"https:\/\/www.ff-ab.se\/en\/"},{"@type":"ListItem","position":2,"name":"Housing","item":"https:\/\/www.ff-ab.se\/en\/housing\/"},{"@type":"ListItem","position":3,"name":"Brf Ursvik All\u00e9"}]},{"@type":"WebSite","@id":"https:\/\/www.ff-ab.se\/en\/#website","url":"https:\/\/www.ff-ab.se\/en\/","name":"FFAB","description":"VI SKAPAR ATTRAKTIVA BOST\u00c4DER OCH SAMH\u00c4LLSFASTIGHETER MED FOKUS P\u00c5 FUNKTIONALITET, DESIGN OCH KVALITET.","publisher":{"@id":"https:\/\/www.ff-ab.se\/en\/#organization"},"potentialAction":[{"@type":"SearchAction","target":{"@type":"EntryPoint","urlTemplate":"https:\/\/www.ff-ab.se\/en\/?s={search_term_string}"},"query-input":{"@type":"PropertyValueSpecification","valueRequired":true,"valueName":"search_term_string"}}],"inLanguage":"en-US"},{"@type":"Organization","@id":"https:\/\/www.ff-ab.se\/en\/#organization","name":"FFAB","url":"https:\/\/www.ff-ab.se\/en\/","logo":{"@type":"ImageObject","inLanguage":"en-US","@id":"https:\/\/www.ff-ab.se\/en\/#\/schema\/logo\/image\/","url":"https:\/\/www.ff-ab.se\/wp-content\/uploads\/2022\/03\/ffab-logga.png","contentUrl":"https:\/\/www.ff-ab.se\/wp-content\/uploads\/2022\/03\/ffab-logga.png","width":1125,"height":515,"caption":"FFAB"},"image":{"@id":"https:\/\/www.ff-ab.se\/en\/#\/schema\/logo\/image\/"}}]}},"uagb_featured_image_src":{"full":false,"thumbnail":false,"medium":false,"medium_large":false,"large":false,"1536x1536":false,"2048x2048":false},"uagb_author_info":{"display_name":"Stefan Larsson","author_link":"https:\/\/www.ff-ab.se\/en\/author\/andrew\/"},"uagb_comment_info":0,"uagb_excerpt":null,"_links":{"self":[{"href":"https:\/\/www.ff-ab.se\/en\/wp-json\/wp\/v2\/pages\/3316","targetHints":{"allow":["GET"]}}],"collection":[{"href":"https:\/\/www.ff-ab.se\/en\/wp-json\/wp\/v2\/pages"}],"about":[{"href":"https:\/\/www.ff-ab.se\/en\/wp-json\/wp\/v2\/types\/page"}],"author":[{"embeddable":true,"href":"https:\/\/www.ff-ab.se\/en\/wp-json\/wp\/v2\/users\/5"}],"replies":[{"embeddable":true,"href":"https:\/\/www.ff-ab.se\/en\/wp-json\/wp\/v2\/comments?post=3316"}],"version-history":[{"count":4,"href":"https:\/\/www.ff-ab.se\/en\/wp-json\/wp\/v2\/pages\/3316\/revisions"}],"predecessor-version":[{"id":4084,"href":"https:\/\/www.ff-ab.se\/en\/wp-json\/wp\/v2\/pages\/3316\/revisions\/4084"}],"up":[{"embeddable":true,"href":"https:\/\/www.ff-ab.se\/en\/wp-json\/wp\/v2\/pages\/3301"}],"wp:attachment":[{"href":"https:\/\/www.ff-ab.se\/en\/wp-json\/wp\/v2\/media?parent=3316"}],"curies":[{"name":"wp","href":"https:\/\/api.w.org\/{rel}","templated":true}]}}