{"id":3330,"date":"2022-03-24T10:33:04","date_gmt":"2022-03-24T10:33:04","guid":{"rendered":"https:\/\/www.ff-ab.se\/housing\/brf-jarfallas-parla\/"},"modified":"2023-07-04T08:26:30","modified_gmt":"2023-07-04T08:26:30","slug":"brf-jarfallas-parla","status":"publish","type":"page","link":"https:\/\/www.ff-ab.se\/en\/housing\/brf-jarfallas-parla\/","title":{"rendered":"Brf J\u00e4rf\u00e4llas P\u00e4rla"},"content":{"rendered":"<div class=\"gb-grid-wrapper gb-grid-wrapper-4f3f72da\">\n<div class=\"gb-grid-column gb-grid-column-a827aaa3\"><div class=\"gb-container gb-container-a827aaa3\"><div class=\"gb-inside-container\">\n\n<h2 class=\"has-white-color has-text-color wp-block-heading\">Welcome home to Brf J\u00e4rf\u00e4llas P\u00e4rla.<\/h2>\n\n\n\n<p class=\"has-white-color has-text-color\">Architect-designed, modern, and well-planned semi-detached houses that offer living spaces of about 137 sqm and roof terraces of about 26 &#8211; 40 sqm are now being built in an expansive family area close to preschool, school, green areas, and shops. The layout gives you the opportunity to choose whether you want 5, 6, or 7 rooms and a kitchen.<\/p>\n\n\n\n<p class=\"has-white-color has-text-color\">The homes, which have plenty of light, open up with lovely patios in two directions. The sunny roof terraces create a private sphere overlooking the area and offer plenty of space for both relaxation and fine dining. The total living space of about 137 sqm is distributed on two levels and the roof terrace is reached via the stairs from the upper level. Each home has a private parking space on the plot and functional walls in light-colored materials will be built between the houses, with space for strollers, bicycles, and other storage under the roof. In the middle of the neighborhood, there is a lovely green area with a nice playground for children of different ages.<\/p>\n\n\n\n<p class=\"has-white-color has-text-color\"><strong>Type of project<\/strong>: New construction<br\/><strong>Type of tenure<\/strong>: Condominiums<br\/><strong>BTA, gross total area<\/strong>: approx. 3 600 sqm<br\/><strong>BOA, living area<\/strong>: approx. 2 816 sqm<br\/><strong>Number of apartments<\/strong>: 24<br\/><strong>Status<\/strong>: Completed<\/p>\n\n<\/div><\/div><\/div>\n<\/div>","protected":false},"excerpt":{"rendered":"","protected":false},"author":5,"featured_media":0,"parent":3301,"menu_order":0,"comment_status":"closed","ping_status":"closed","template":"","meta":{"_uag_custom_page_level_css":"","footnotes":""},"class_list":["post-3330","page","type-page","status-publish","hentry"],"featured_image_src":null,"yoast_head":"<!-- This site is optimized with the Yoast SEO plugin v26.8 - https:\/\/yoast.com\/product\/yoast-seo-wordpress\/ -->\n<title>Brf J\u00e4rf\u00e4llas P\u00e4rla - FFAB<\/title>\n<meta name=\"robots\" content=\"index, follow, max-snippet:-1, max-image-preview:large, max-video-preview:-1\" \/>\n<link rel=\"canonical\" href=\"https:\/\/www.ff-ab.se\/en\/housing\/brf-jarfallas-parla\/\" \/>\n<meta property=\"og:locale\" content=\"en_US\" \/>\n<meta property=\"og:type\" content=\"article\" \/>\n<meta property=\"og:title\" content=\"Brf J\u00e4rf\u00e4llas P\u00e4rla - FFAB\" \/>\n<meta property=\"og:url\" content=\"https:\/\/www.ff-ab.se\/en\/housing\/brf-jarfallas-parla\/\" \/>\n<meta property=\"og:site_name\" content=\"FFAB\" \/>\n<meta property=\"article:modified_time\" content=\"2023-07-04T08:26:30+00:00\" \/>\n<meta name=\"twitter:card\" content=\"summary_large_image\" \/>\n<meta name=\"twitter:label1\" content=\"Est. reading time\" \/>\n\t<meta name=\"twitter:data1\" content=\"1 minute\" \/>\n<script type=\"application\/ld+json\" class=\"yoast-schema-graph\">{\"@context\":\"https:\/\/schema.org\",\"@graph\":[{\"@type\":\"WebPage\",\"@id\":\"https:\/\/www.ff-ab.se\/en\/housing\/brf-jarfallas-parla\/\",\"url\":\"https:\/\/www.ff-ab.se\/en\/housing\/brf-jarfallas-parla\/\",\"name\":\"Brf J\u00e4rf\u00e4llas P\u00e4rla - FFAB\",\"isPartOf\":{\"@id\":\"https:\/\/www.ff-ab.se\/en\/#website\"},\"datePublished\":\"2022-03-24T10:33:04+00:00\",\"dateModified\":\"2023-07-04T08:26:30+00:00\",\"breadcrumb\":{\"@id\":\"https:\/\/www.ff-ab.se\/en\/housing\/brf-jarfallas-parla\/#breadcrumb\"},\"inLanguage\":\"en-US\",\"potentialAction\":[{\"@type\":\"ReadAction\",\"target\":[\"https:\/\/www.ff-ab.se\/en\/housing\/brf-jarfallas-parla\/\"]}]},{\"@type\":\"BreadcrumbList\",\"@id\":\"https:\/\/www.ff-ab.se\/en\/housing\/brf-jarfallas-parla\/#breadcrumb\",\"itemListElement\":[{\"@type\":\"ListItem\",\"position\":1,\"name\":\"Home\",\"item\":\"https:\/\/www.ff-ab.se\/en\/\"},{\"@type\":\"ListItem\",\"position\":2,\"name\":\"Housing\",\"item\":\"https:\/\/www.ff-ab.se\/en\/housing\/\"},{\"@type\":\"ListItem\",\"position\":3,\"name\":\"Brf J\u00e4rf\u00e4llas P\u00e4rla\"}]},{\"@type\":\"WebSite\",\"@id\":\"https:\/\/www.ff-ab.se\/en\/#website\",\"url\":\"https:\/\/www.ff-ab.se\/en\/\",\"name\":\"FFAB\",\"description\":\"VI SKAPAR ATTRAKTIVA BOST\u00c4DER OCH SAMH\u00c4LLSFASTIGHETER MED FOKUS P\u00c5 FUNKTIONALITET, DESIGN OCH KVALITET.\",\"publisher\":{\"@id\":\"https:\/\/www.ff-ab.se\/en\/#organization\"},\"potentialAction\":[{\"@type\":\"SearchAction\",\"target\":{\"@type\":\"EntryPoint\",\"urlTemplate\":\"https:\/\/www.ff-ab.se\/en\/?s={search_term_string}\"},\"query-input\":{\"@type\":\"PropertyValueSpecification\",\"valueRequired\":true,\"valueName\":\"search_term_string\"}}],\"inLanguage\":\"en-US\"},{\"@type\":\"Organization\",\"@id\":\"https:\/\/www.ff-ab.se\/en\/#organization\",\"name\":\"FFAB\",\"url\":\"https:\/\/www.ff-ab.se\/en\/\",\"logo\":{\"@type\":\"ImageObject\",\"inLanguage\":\"en-US\",\"@id\":\"https:\/\/www.ff-ab.se\/en\/#\/schema\/logo\/image\/\",\"url\":\"https:\/\/www.ff-ab.se\/wp-content\/uploads\/2022\/03\/ffab-logga.png\",\"contentUrl\":\"https:\/\/www.ff-ab.se\/wp-content\/uploads\/2022\/03\/ffab-logga.png\",\"width\":1125,\"height\":515,\"caption\":\"FFAB\"},\"image\":{\"@id\":\"https:\/\/www.ff-ab.se\/en\/#\/schema\/logo\/image\/\"}}]}<\/script>\n<!-- \/ Yoast SEO plugin. -->","yoast_head_json":{"title":"Brf J\u00e4rf\u00e4llas P\u00e4rla - FFAB","robots":{"index":"index","follow":"follow","max-snippet":"max-snippet:-1","max-image-preview":"max-image-preview:large","max-video-preview":"max-video-preview:-1"},"canonical":"https:\/\/www.ff-ab.se\/en\/housing\/brf-jarfallas-parla\/","og_locale":"en_US","og_type":"article","og_title":"Brf J\u00e4rf\u00e4llas P\u00e4rla - FFAB","og_url":"https:\/\/www.ff-ab.se\/en\/housing\/brf-jarfallas-parla\/","og_site_name":"FFAB","article_modified_time":"2023-07-04T08:26:30+00:00","twitter_card":"summary_large_image","twitter_misc":{"Est. reading time":"1 minute"},"schema":{"@context":"https:\/\/schema.org","@graph":[{"@type":"WebPage","@id":"https:\/\/www.ff-ab.se\/en\/housing\/brf-jarfallas-parla\/","url":"https:\/\/www.ff-ab.se\/en\/housing\/brf-jarfallas-parla\/","name":"Brf J\u00e4rf\u00e4llas P\u00e4rla - FFAB","isPartOf":{"@id":"https:\/\/www.ff-ab.se\/en\/#website"},"datePublished":"2022-03-24T10:33:04+00:00","dateModified":"2023-07-04T08:26:30+00:00","breadcrumb":{"@id":"https:\/\/www.ff-ab.se\/en\/housing\/brf-jarfallas-parla\/#breadcrumb"},"inLanguage":"en-US","potentialAction":[{"@type":"ReadAction","target":["https:\/\/www.ff-ab.se\/en\/housing\/brf-jarfallas-parla\/"]}]},{"@type":"BreadcrumbList","@id":"https:\/\/www.ff-ab.se\/en\/housing\/brf-jarfallas-parla\/#breadcrumb","itemListElement":[{"@type":"ListItem","position":1,"name":"Home","item":"https:\/\/www.ff-ab.se\/en\/"},{"@type":"ListItem","position":2,"name":"Housing","item":"https:\/\/www.ff-ab.se\/en\/housing\/"},{"@type":"ListItem","position":3,"name":"Brf J\u00e4rf\u00e4llas P\u00e4rla"}]},{"@type":"WebSite","@id":"https:\/\/www.ff-ab.se\/en\/#website","url":"https:\/\/www.ff-ab.se\/en\/","name":"FFAB","description":"VI SKAPAR ATTRAKTIVA BOST\u00c4DER OCH SAMH\u00c4LLSFASTIGHETER MED FOKUS P\u00c5 FUNKTIONALITET, DESIGN OCH KVALITET.","publisher":{"@id":"https:\/\/www.ff-ab.se\/en\/#organization"},"potentialAction":[{"@type":"SearchAction","target":{"@type":"EntryPoint","urlTemplate":"https:\/\/www.ff-ab.se\/en\/?s={search_term_string}"},"query-input":{"@type":"PropertyValueSpecification","valueRequired":true,"valueName":"search_term_string"}}],"inLanguage":"en-US"},{"@type":"Organization","@id":"https:\/\/www.ff-ab.se\/en\/#organization","name":"FFAB","url":"https:\/\/www.ff-ab.se\/en\/","logo":{"@type":"ImageObject","inLanguage":"en-US","@id":"https:\/\/www.ff-ab.se\/en\/#\/schema\/logo\/image\/","url":"https:\/\/www.ff-ab.se\/wp-content\/uploads\/2022\/03\/ffab-logga.png","contentUrl":"https:\/\/www.ff-ab.se\/wp-content\/uploads\/2022\/03\/ffab-logga.png","width":1125,"height":515,"caption":"FFAB"},"image":{"@id":"https:\/\/www.ff-ab.se\/en\/#\/schema\/logo\/image\/"}}]}},"uagb_featured_image_src":{"full":false,"thumbnail":false,"medium":false,"medium_large":false,"large":false,"1536x1536":false,"2048x2048":false},"uagb_author_info":{"display_name":"Stefan Larsson","author_link":"https:\/\/www.ff-ab.se\/en\/author\/andrew\/"},"uagb_comment_info":0,"uagb_excerpt":null,"_links":{"self":[{"href":"https:\/\/www.ff-ab.se\/en\/wp-json\/wp\/v2\/pages\/3330","targetHints":{"allow":["GET"]}}],"collection":[{"href":"https:\/\/www.ff-ab.se\/en\/wp-json\/wp\/v2\/pages"}],"about":[{"href":"https:\/\/www.ff-ab.se\/en\/wp-json\/wp\/v2\/types\/page"}],"author":[{"embeddable":true,"href":"https:\/\/www.ff-ab.se\/en\/wp-json\/wp\/v2\/users\/5"}],"replies":[{"embeddable":true,"href":"https:\/\/www.ff-ab.se\/en\/wp-json\/wp\/v2\/comments?post=3330"}],"version-history":[{"count":4,"href":"https:\/\/www.ff-ab.se\/en\/wp-json\/wp\/v2\/pages\/3330\/revisions"}],"predecessor-version":[{"id":4080,"href":"https:\/\/www.ff-ab.se\/en\/wp-json\/wp\/v2\/pages\/3330\/revisions\/4080"}],"up":[{"embeddable":true,"href":"https:\/\/www.ff-ab.se\/en\/wp-json\/wp\/v2\/pages\/3301"}],"wp:attachment":[{"href":"https:\/\/www.ff-ab.se\/en\/wp-json\/wp\/v2\/media?parent=3330"}],"curies":[{"name":"wp","href":"https:\/\/api.w.org\/{rel}","templated":true}]}}