{"id":3334,"date":"2022-08-31T11:22:21","date_gmt":"2022-08-31T11:22:21","guid":{"rendered":"https:\/\/www.ff-ab.se\/housing\/barkarby\/"},"modified":"2025-05-30T09:26:17","modified_gmt":"2025-05-30T09:26:17","slug":"barkarby","status":"publish","type":"page","link":"https:\/\/www.ff-ab.se\/en\/housing\/barkarby\/","title":{"rendered":"Barkarby"},"content":{"rendered":"<div class=\"gb-grid-wrapper gb-grid-wrapper-d0f9a10c\">\n<div class=\"gb-grid-column gb-grid-column-086abf8e\"><div class=\"gb-container gb-container-086abf8e\"><div class=\"gb-inside-container\">\n\n<h1 class=\"wp-block-heading has-text-align-center has-white-color has-text-color\">Barkarbystaden<\/h1>\n\n\n\n<p class=\"has-text-align-center has-white-color has-text-color\"><strong>J\u00e4rf\u00e4lla<\/strong><\/p>\n\n<\/div><\/div><\/div>\n<\/div><div class=\"gb-grid-wrapper gb-grid-wrapper-89e5ecf2\">\n<div class=\"gb-grid-column gb-grid-column-db8dec80\"><div class=\"gb-container gb-container-db8dec80\"><div class=\"gb-inside-container\">\n\n<h2 class=\"wp-block-heading has-black-color has-text-color\"><strong>Barkarby, J\u00e4rf\u00e4lla<\/strong><\/h2>\n\n\n\n<p class=\"has-black-color has-text-color\">As an addition to Barkarbystaden, Fastighetsf\u00f6r\u00e4dlarna is developing a neighborhood with housing and a hotel. The neighborhood, with around 200 homes, is strategically and accessibly located in the expansive area of Barkarby, close to both the E18 and northwest Stockholm&#8217;s emerging public transport hub. <\/p>\n\n\n\n<p class=\"has-black-color has-text-color\">With a focus on sustainability and a low climate impact, the project has a construction start planned for 2026.<\/p>\n\n<\/div><\/div><\/div>\n\n<div class=\"gb-grid-column gb-grid-column-7494274f\"><div class=\"gb-container gb-container-7494274f\"><div class=\"gb-inside-container\">\n\n<h2 class=\"gb-headline gb-headline-b798125e gb-headline-text\"><strong>Facts about the project<\/strong><\/h2>\n\n\n\n<p class=\"has-black-color has-text-color\"><strong>\n  <em>Location<\/em>\n<\/strong>: J\u00e4rf\u00e4lla<br\/><strong> <em>Project<\/em> <\/strong>: Barkarbystaden<br\/><strong><em>Number of units<\/em><\/strong>: 204<br\/><strong><em>GFA<\/em><\/strong>: 22 465<br\/><strong><em>GFA above ground<\/em><\/strong>: 18 887<br\/><strong><em>HFA<\/em><\/strong>: 9 821<a href=\"LOA%205%\"><br\/><\/a><strong><em>UFA<\/em><\/strong>: 5 600 sqm<br\/><strong><em>Form of tenure<\/em> <\/strong>: Residential units, hotel<br\/><strong><em>Status<\/em><\/strong>: Zoning approval<br\/><strong> <em>Zoning:<\/em> <\/strong> 2018 Q1<br\/><strong><em>Start of construction:<\/em><\/strong> 2026 Q4<br\/><strong>To be completed<\/strong>: 2029 Q4<\/p>\n\n<\/div><\/div><\/div>\n\n<div class=\"gb-grid-column gb-grid-column-dee7a870\"><div class=\"gb-container gb-container-dee7a870\"><div class=\"gb-inside-container\"><\/div><\/div><\/div>\n\n<div class=\"gb-grid-column gb-grid-column-be808028\"><div class=\"gb-container gb-container-be808028\"><div class=\"gb-inside-container\"><\/div><\/div><\/div>\n<\/div><div class=\"gb-grid-wrapper gb-grid-wrapper-ddc549a3\">\n<div class=\"gb-grid-column gb-grid-column-6ed029be\"><div class=\"gb-container gb-container-6ed029be\"><div class=\"gb-inside-container\"><\/div><\/div><\/div>\n<\/div>","protected":false},"excerpt":{"rendered":"","protected":false},"author":2,"featured_media":4275,"parent":3301,"menu_order":0,"comment_status":"closed","ping_status":"closed","template":"","meta":{"_uag_custom_page_level_css":"","footnotes":""},"class_list":["post-3334","page","type-page","status-publish","has-post-thumbnail","hentry"],"featured_image_src":"https:\/\/www.ff-ab.se\/wp-content\/uploads\/2024\/06\/Barkarby-Exterior-2024.jpg","yoast_head":"<!-- This site is optimized with the Yoast SEO plugin v26.8 - https:\/\/yoast.com\/product\/yoast-seo-wordpress\/ -->\n<title>Barkarby - FFAB<\/title>\n<meta name=\"description\" content=\"In the heart of Barkarby, construction will soon start on a 19,600 square meter climate-smart city block with both condominiums, owner-occupied apartments and offices.\" \/>\n<meta name=\"robots\" content=\"index, follow, max-snippet:-1, max-image-preview:large, max-video-preview:-1\" \/>\n<link rel=\"canonical\" href=\"https:\/\/www.ff-ab.se\/en\/housing\/barkarby\/\" \/>\n<meta property=\"og:locale\" content=\"en_US\" \/>\n<meta property=\"og:type\" content=\"article\" \/>\n<meta property=\"og:title\" content=\"Barkarby - FFAB\" \/>\n<meta property=\"og:description\" content=\"In the heart of Barkarby, construction will soon start on a 19,600 square meter climate-smart city block with both condominiums, owner-occupied apartments and offices.\" \/>\n<meta property=\"og:url\" content=\"https:\/\/www.ff-ab.se\/en\/housing\/barkarby\/\" \/>\n<meta property=\"og:site_name\" content=\"FFAB\" \/>\n<meta property=\"article:modified_time\" content=\"2025-05-30T09:26:17+00:00\" \/>\n<meta property=\"og:image\" content=\"https:\/\/www.ff-ab.se\/wp-content\/uploads\/2024\/06\/Barkarby-Exterior-2024.jpg\" \/>\n\t<meta property=\"og:image:width\" content=\"1700\" \/>\n\t<meta property=\"og:image:height\" content=\"1700\" \/>\n\t<meta property=\"og:image:type\" content=\"image\/jpeg\" \/>\n<meta name=\"twitter:card\" content=\"summary_large_image\" \/>\n<meta name=\"twitter:label1\" content=\"Est. reading time\" \/>\n\t<meta name=\"twitter:data1\" content=\"1 minute\" \/>\n<script type=\"application\/ld+json\" class=\"yoast-schema-graph\">{\"@context\":\"https:\/\/schema.org\",\"@graph\":[{\"@type\":\"WebPage\",\"@id\":\"https:\/\/www.ff-ab.se\/en\/housing\/barkarby\/\",\"url\":\"https:\/\/www.ff-ab.se\/en\/housing\/barkarby\/\",\"name\":\"Barkarby - FFAB\",\"isPartOf\":{\"@id\":\"https:\/\/www.ff-ab.se\/en\/#website\"},\"primaryImageOfPage\":{\"@id\":\"https:\/\/www.ff-ab.se\/en\/housing\/barkarby\/#primaryimage\"},\"image\":{\"@id\":\"https:\/\/www.ff-ab.se\/en\/housing\/barkarby\/#primaryimage\"},\"thumbnailUrl\":\"https:\/\/www.ff-ab.se\/wp-content\/uploads\/2024\/06\/Barkarby-Exterior-2024.jpg\",\"datePublished\":\"2022-08-31T11:22:21+00:00\",\"dateModified\":\"2025-05-30T09:26:17+00:00\",\"description\":\"In the heart of Barkarby, construction will soon start on a 19,600 square meter climate-smart city block with both condominiums, owner-occupied apartments and offices.\",\"breadcrumb\":{\"@id\":\"https:\/\/www.ff-ab.se\/en\/housing\/barkarby\/#breadcrumb\"},\"inLanguage\":\"en-US\",\"potentialAction\":[{\"@type\":\"ReadAction\",\"target\":[\"https:\/\/www.ff-ab.se\/en\/housing\/barkarby\/\"]}]},{\"@type\":\"ImageObject\",\"inLanguage\":\"en-US\",\"@id\":\"https:\/\/www.ff-ab.se\/en\/housing\/barkarby\/#primaryimage\",\"url\":\"https:\/\/www.ff-ab.se\/wp-content\/uploads\/2024\/06\/Barkarby-Exterior-2024.jpg\",\"contentUrl\":\"https:\/\/www.ff-ab.se\/wp-content\/uploads\/2024\/06\/Barkarby-Exterior-2024.jpg\",\"width\":1700,\"height\":1700},{\"@type\":\"BreadcrumbList\",\"@id\":\"https:\/\/www.ff-ab.se\/en\/housing\/barkarby\/#breadcrumb\",\"itemListElement\":[{\"@type\":\"ListItem\",\"position\":1,\"name\":\"Home\",\"item\":\"https:\/\/www.ff-ab.se\/en\/\"},{\"@type\":\"ListItem\",\"position\":2,\"name\":\"Housing\",\"item\":\"https:\/\/www.ff-ab.se\/en\/housing\/\"},{\"@type\":\"ListItem\",\"position\":3,\"name\":\"Barkarby\"}]},{\"@type\":\"WebSite\",\"@id\":\"https:\/\/www.ff-ab.se\/en\/#website\",\"url\":\"https:\/\/www.ff-ab.se\/en\/\",\"name\":\"FFAB\",\"description\":\"VI SKAPAR ATTRAKTIVA BOST\u00c4DER OCH SAMH\u00c4LLSFASTIGHETER MED FOKUS P\u00c5 FUNKTIONALITET, DESIGN OCH KVALITET.\",\"publisher\":{\"@id\":\"https:\/\/www.ff-ab.se\/en\/#organization\"},\"potentialAction\":[{\"@type\":\"SearchAction\",\"target\":{\"@type\":\"EntryPoint\",\"urlTemplate\":\"https:\/\/www.ff-ab.se\/en\/?s={search_term_string}\"},\"query-input\":{\"@type\":\"PropertyValueSpecification\",\"valueRequired\":true,\"valueName\":\"search_term_string\"}}],\"inLanguage\":\"en-US\"},{\"@type\":\"Organization\",\"@id\":\"https:\/\/www.ff-ab.se\/en\/#organization\",\"name\":\"FFAB\",\"url\":\"https:\/\/www.ff-ab.se\/en\/\",\"logo\":{\"@type\":\"ImageObject\",\"inLanguage\":\"en-US\",\"@id\":\"https:\/\/www.ff-ab.se\/en\/#\/schema\/logo\/image\/\",\"url\":\"https:\/\/www.ff-ab.se\/wp-content\/uploads\/2022\/03\/ffab-logga.png\",\"contentUrl\":\"https:\/\/www.ff-ab.se\/wp-content\/uploads\/2022\/03\/ffab-logga.png\",\"width\":1125,\"height\":515,\"caption\":\"FFAB\"},\"image\":{\"@id\":\"https:\/\/www.ff-ab.se\/en\/#\/schema\/logo\/image\/\"}}]}<\/script>\n<!-- \/ Yoast SEO plugin. -->","yoast_head_json":{"title":"Barkarby - FFAB","description":"In the heart of Barkarby, construction will soon start on a 19,600 square meter climate-smart city block with both condominiums, owner-occupied apartments and offices.","robots":{"index":"index","follow":"follow","max-snippet":"max-snippet:-1","max-image-preview":"max-image-preview:large","max-video-preview":"max-video-preview:-1"},"canonical":"https:\/\/www.ff-ab.se\/en\/housing\/barkarby\/","og_locale":"en_US","og_type":"article","og_title":"Barkarby - FFAB","og_description":"In the heart of Barkarby, construction will soon start on a 19,600 square meter climate-smart city block with both condominiums, owner-occupied apartments and offices.","og_url":"https:\/\/www.ff-ab.se\/en\/housing\/barkarby\/","og_site_name":"FFAB","article_modified_time":"2025-05-30T09:26:17+00:00","og_image":[{"width":1700,"height":1700,"url":"https:\/\/www.ff-ab.se\/wp-content\/uploads\/2024\/06\/Barkarby-Exterior-2024.jpg","type":"image\/jpeg"}],"twitter_card":"summary_large_image","twitter_misc":{"Est. reading time":"1 minute"},"schema":{"@context":"https:\/\/schema.org","@graph":[{"@type":"WebPage","@id":"https:\/\/www.ff-ab.se\/en\/housing\/barkarby\/","url":"https:\/\/www.ff-ab.se\/en\/housing\/barkarby\/","name":"Barkarby - FFAB","isPartOf":{"@id":"https:\/\/www.ff-ab.se\/en\/#website"},"primaryImageOfPage":{"@id":"https:\/\/www.ff-ab.se\/en\/housing\/barkarby\/#primaryimage"},"image":{"@id":"https:\/\/www.ff-ab.se\/en\/housing\/barkarby\/#primaryimage"},"thumbnailUrl":"https:\/\/www.ff-ab.se\/wp-content\/uploads\/2024\/06\/Barkarby-Exterior-2024.jpg","datePublished":"2022-08-31T11:22:21+00:00","dateModified":"2025-05-30T09:26:17+00:00","description":"In the heart of Barkarby, construction will soon start on a 19,600 square meter climate-smart city block with both condominiums, owner-occupied apartments and offices.","breadcrumb":{"@id":"https:\/\/www.ff-ab.se\/en\/housing\/barkarby\/#breadcrumb"},"inLanguage":"en-US","potentialAction":[{"@type":"ReadAction","target":["https:\/\/www.ff-ab.se\/en\/housing\/barkarby\/"]}]},{"@type":"ImageObject","inLanguage":"en-US","@id":"https:\/\/www.ff-ab.se\/en\/housing\/barkarby\/#primaryimage","url":"https:\/\/www.ff-ab.se\/wp-content\/uploads\/2024\/06\/Barkarby-Exterior-2024.jpg","contentUrl":"https:\/\/www.ff-ab.se\/wp-content\/uploads\/2024\/06\/Barkarby-Exterior-2024.jpg","width":1700,"height":1700},{"@type":"BreadcrumbList","@id":"https:\/\/www.ff-ab.se\/en\/housing\/barkarby\/#breadcrumb","itemListElement":[{"@type":"ListItem","position":1,"name":"Home","item":"https:\/\/www.ff-ab.se\/en\/"},{"@type":"ListItem","position":2,"name":"Housing","item":"https:\/\/www.ff-ab.se\/en\/housing\/"},{"@type":"ListItem","position":3,"name":"Barkarby"}]},{"@type":"WebSite","@id":"https:\/\/www.ff-ab.se\/en\/#website","url":"https:\/\/www.ff-ab.se\/en\/","name":"FFAB","description":"VI SKAPAR ATTRAKTIVA BOST\u00c4DER OCH SAMH\u00c4LLSFASTIGHETER MED FOKUS P\u00c5 FUNKTIONALITET, DESIGN OCH KVALITET.","publisher":{"@id":"https:\/\/www.ff-ab.se\/en\/#organization"},"potentialAction":[{"@type":"SearchAction","target":{"@type":"EntryPoint","urlTemplate":"https:\/\/www.ff-ab.se\/en\/?s={search_term_string}"},"query-input":{"@type":"PropertyValueSpecification","valueRequired":true,"valueName":"search_term_string"}}],"inLanguage":"en-US"},{"@type":"Organization","@id":"https:\/\/www.ff-ab.se\/en\/#organization","name":"FFAB","url":"https:\/\/www.ff-ab.se\/en\/","logo":{"@type":"ImageObject","inLanguage":"en-US","@id":"https:\/\/www.ff-ab.se\/en\/#\/schema\/logo\/image\/","url":"https:\/\/www.ff-ab.se\/wp-content\/uploads\/2022\/03\/ffab-logga.png","contentUrl":"https:\/\/www.ff-ab.se\/wp-content\/uploads\/2022\/03\/ffab-logga.png","width":1125,"height":515,"caption":"FFAB"},"image":{"@id":"https:\/\/www.ff-ab.se\/en\/#\/schema\/logo\/image\/"}}]}},"uagb_featured_image_src":{"full":["https:\/\/www.ff-ab.se\/wp-content\/uploads\/2024\/06\/Barkarby-Exterior-2024.jpg",1700,1700,false],"thumbnail":["https:\/\/www.ff-ab.se\/wp-content\/uploads\/2024\/06\/Barkarby-Exterior-2024-150x150.jpg",150,150,true],"medium":["https:\/\/www.ff-ab.se\/wp-content\/uploads\/2024\/06\/Barkarby-Exterior-2024-300x300.jpg",300,300,true],"medium_large":["https:\/\/www.ff-ab.se\/wp-content\/uploads\/2024\/06\/Barkarby-Exterior-2024-768x768.jpg",768,768,true],"large":["https:\/\/www.ff-ab.se\/wp-content\/uploads\/2024\/06\/Barkarby-Exterior-2024-1024x1024.jpg",1024,1024,true],"1536x1536":["https:\/\/www.ff-ab.se\/wp-content\/uploads\/2024\/06\/Barkarby-Exterior-2024-1536x1536.jpg",1536,1536,true],"2048x2048":["https:\/\/www.ff-ab.se\/wp-content\/uploads\/2024\/06\/Barkarby-Exterior-2024.jpg",1700,1700,false]},"uagb_author_info":{"display_name":"Victor Olsson","author_link":"https:\/\/www.ff-ab.se\/en\/author\/admin_birdh\/"},"uagb_comment_info":0,"uagb_excerpt":null,"_links":{"self":[{"href":"https:\/\/www.ff-ab.se\/en\/wp-json\/wp\/v2\/pages\/3334","targetHints":{"allow":["GET"]}}],"collection":[{"href":"https:\/\/www.ff-ab.se\/en\/wp-json\/wp\/v2\/pages"}],"about":[{"href":"https:\/\/www.ff-ab.se\/en\/wp-json\/wp\/v2\/types\/page"}],"author":[{"embeddable":true,"href":"https:\/\/www.ff-ab.se\/en\/wp-json\/wp\/v2\/users\/2"}],"replies":[{"embeddable":true,"href":"https:\/\/www.ff-ab.se\/en\/wp-json\/wp\/v2\/comments?post=3334"}],"version-history":[{"count":33,"href":"https:\/\/www.ff-ab.se\/en\/wp-json\/wp\/v2\/pages\/3334\/revisions"}],"predecessor-version":[{"id":4686,"href":"https:\/\/www.ff-ab.se\/en\/wp-json\/wp\/v2\/pages\/3334\/revisions\/4686"}],"up":[{"embeddable":true,"href":"https:\/\/www.ff-ab.se\/en\/wp-json\/wp\/v2\/pages\/3301"}],"wp:featuredmedia":[{"embeddable":true,"href":"https:\/\/www.ff-ab.se\/en\/wp-json\/wp\/v2\/media\/4275"}],"wp:attachment":[{"href":"https:\/\/www.ff-ab.se\/en\/wp-json\/wp\/v2\/media?parent=3334"}],"curies":[{"name":"wp","href":"https:\/\/api.w.org\/{rel}","templated":true}]}}