{"id":3351,"date":"2022-08-31T11:37:30","date_gmt":"2022-08-31T11:37:30","guid":{"rendered":"https:\/\/www.ff-ab.se\/housing\/greenhouses\/"},"modified":"2024-06-07T12:24:04","modified_gmt":"2024-06-07T12:24:04","slug":"greenhouses","status":"publish","type":"page","link":"https:\/\/www.ff-ab.se\/en\/housing\/greenhouses\/","title":{"rendered":"Ormbacka 2"},"content":{"rendered":"<div class=\"gb-grid-wrapper gb-grid-wrapper-d0f9a10c\">\n<div class=\"gb-grid-column gb-grid-column-086abf8e\"><div class=\"gb-container gb-container-086abf8e\"><div class=\"gb-inside-container\">\n\n<h1 class=\"wp-block-heading has-text-align-center has-white-color has-text-color\"><strong>Ormbacka 2<\/strong><\/h1>\n\n\n\n<p class=\"has-text-align-center has-white-color has-text-color\"><strong>J\u00e4rf\u00e4lla<\/strong><\/p>\n\n<\/div><\/div><\/div>\n<\/div><div class=\"gb-grid-wrapper gb-grid-wrapper-89e5ecf2\">\n<div class=\"gb-grid-column gb-grid-column-db8dec80\"><div class=\"gb-container gb-container-db8dec80\"><div class=\"gb-inside-container\">\n\n<h2 class=\"wp-block-heading has-black-color has-text-color\"><strong>Ormbacka 2, J\u00e4rf\u00e4lla<\/strong><\/h2>\n\n\n\n<p class=\"has-black-color has-text-color\">As an entrance to the whole of Ormbacka, an apartment building will be built with 46 apartments and premises on the ground floor. The rest of the block consists of ten terraced houses, nine townhouses, and a generous courtyard with a garden, playground, and a lavish community center. <\/p>\n\n\n\n<p class=\"has-black-color has-text-color\">Thanks to solar panels on the roofs, recycled materials, and very low energy consumption, the V\u00e4xhusen can be built in line with the Milj\u00f6byggnad Gold certification. Residents will also be able to make use of car sharing and tool sharing.<\/p>\n\n<\/div><\/div><\/div>\n\n<div class=\"gb-grid-column gb-grid-column-7494274f\"><div class=\"gb-container gb-container-7494274f\"><div class=\"gb-inside-container\">\n\n<h2 class=\"gb-headline gb-headline-b798125e gb-headline-text\"><strong>Facts about the project<\/strong><\/h2>\n\n\n\n<p class=\"has-black-color has-text-color\"><strong>\n  <em>Location<\/em>\n<\/strong>: J\u00e4rf\u00e4lla<br\/><strong>\n  <em>Project : Ormbacka<\/em>\n<\/strong>Ormbacka 2<br\/><strong>\n  <em>Number of apartments<\/em>\n<\/strong>: 46<br\/><strong>\n  <em>Number of townhouses<\/em>\n<\/strong>: 19<br\/><strong>\n  <em>BTA<\/em>\n<\/strong>: 7 300<br\/><strong><em>Light BTA<\/em><\/strong>: 7 000 sqm<br\/><strong>\n  <em>BOA<\/em>\n<\/strong>: 5 800<br\/><strong><em>Type of tenure<\/em><\/strong>: Condominiums<br\/><strong><em>Status<\/em><\/strong>: Adopted detailed plan<br\/><strong>\n  <em>DP: <\/em>\n<\/strong>2019 Q4<br\/><strong>\n  <em>Start of construction: <\/em>\n<\/strong>2025 Q1<br\/><strong>\n  <em>To be completed<\/em>\n<\/strong>: 2027 Q1<\/p>\n\n<\/div><\/div><\/div>\n<\/div>","protected":false},"excerpt":{"rendered":"","protected":false},"author":2,"featured_media":3244,"parent":3301,"menu_order":0,"comment_status":"closed","ping_status":"closed","template":"","meta":{"_uag_custom_page_level_css":"","footnotes":""},"class_list":["post-3351","page","type-page","status-publish","has-post-thumbnail","hentry"],"featured_image_src":"https:\/\/www.ff-ab.se\/wp-content\/uploads\/2022\/08\/Va\u0308xhusen_Ormbacka2_web.jpg","yoast_head":"<!-- This site is optimized with the Yoast SEO plugin v26.8 - https:\/\/yoast.com\/product\/yoast-seo-wordpress\/ -->\n<title>Ormbacka 2 - FFAB<\/title>\n<meta name=\"description\" content=\"As an entrance to the whole of Ormbacka, we are building a block of 46 apartments, ten terraced houses, nine townhouses and a generous courtyard.\" \/>\n<meta name=\"robots\" content=\"index, follow, max-snippet:-1, max-image-preview:large, max-video-preview:-1\" \/>\n<link rel=\"canonical\" href=\"https:\/\/www.ff-ab.se\/en\/housing\/greenhouses\/\" \/>\n<meta property=\"og:locale\" content=\"en_US\" \/>\n<meta property=\"og:type\" content=\"article\" \/>\n<meta property=\"og:title\" content=\"Ormbacka 2 - FFAB\" \/>\n<meta property=\"og:description\" content=\"As an entrance to the whole of Ormbacka, we are building a block of 46 apartments, ten terraced houses, nine townhouses and a generous courtyard.\" \/>\n<meta property=\"og:url\" content=\"https:\/\/www.ff-ab.se\/en\/housing\/greenhouses\/\" \/>\n<meta property=\"og:site_name\" content=\"FFAB\" \/>\n<meta property=\"article:modified_time\" content=\"2024-06-07T12:24:04+00:00\" \/>\n<meta property=\"og:image\" content=\"https:\/\/www.ff-ab.se\/wp-content\/uploads\/2022\/08\/Va\u0308xhusen_Ormbacka2_web.jpg\" \/>\n\t<meta property=\"og:image:width\" content=\"1333\" \/>\n\t<meta property=\"og:image:height\" content=\"1000\" \/>\n\t<meta property=\"og:image:type\" content=\"image\/jpeg\" \/>\n<meta name=\"twitter:card\" content=\"summary_large_image\" \/>\n<meta name=\"twitter:label1\" content=\"Est. reading time\" \/>\n\t<meta name=\"twitter:data1\" content=\"1 minute\" \/>\n<script type=\"application\/ld+json\" class=\"yoast-schema-graph\">{\"@context\":\"https:\/\/schema.org\",\"@graph\":[{\"@type\":\"WebPage\",\"@id\":\"https:\/\/www.ff-ab.se\/en\/housing\/greenhouses\/\",\"url\":\"https:\/\/www.ff-ab.se\/en\/housing\/greenhouses\/\",\"name\":\"Ormbacka 2 - FFAB\",\"isPartOf\":{\"@id\":\"https:\/\/www.ff-ab.se\/en\/#website\"},\"primaryImageOfPage\":{\"@id\":\"https:\/\/www.ff-ab.se\/en\/housing\/greenhouses\/#primaryimage\"},\"image\":{\"@id\":\"https:\/\/www.ff-ab.se\/en\/housing\/greenhouses\/#primaryimage\"},\"thumbnailUrl\":\"https:\/\/www.ff-ab.se\/wp-content\/uploads\/2022\/08\/Va\u0308xhusen_Ormbacka2_web.jpg\",\"datePublished\":\"2022-08-31T11:37:30+00:00\",\"dateModified\":\"2024-06-07T12:24:04+00:00\",\"description\":\"As an entrance to the whole of Ormbacka, we are building a block of 46 apartments, ten terraced houses, nine townhouses and a generous courtyard.\",\"breadcrumb\":{\"@id\":\"https:\/\/www.ff-ab.se\/en\/housing\/greenhouses\/#breadcrumb\"},\"inLanguage\":\"en-US\",\"potentialAction\":[{\"@type\":\"ReadAction\",\"target\":[\"https:\/\/www.ff-ab.se\/en\/housing\/greenhouses\/\"]}]},{\"@type\":\"ImageObject\",\"inLanguage\":\"en-US\",\"@id\":\"https:\/\/www.ff-ab.se\/en\/housing\/greenhouses\/#primaryimage\",\"url\":\"https:\/\/www.ff-ab.se\/wp-content\/uploads\/2022\/08\/Va\u0308xhusen_Ormbacka2_web.jpg\",\"contentUrl\":\"https:\/\/www.ff-ab.se\/wp-content\/uploads\/2022\/08\/Va\u0308xhusen_Ormbacka2_web.jpg\",\"width\":1333,\"height\":1000},{\"@type\":\"BreadcrumbList\",\"@id\":\"https:\/\/www.ff-ab.se\/en\/housing\/greenhouses\/#breadcrumb\",\"itemListElement\":[{\"@type\":\"ListItem\",\"position\":1,\"name\":\"Home\",\"item\":\"https:\/\/www.ff-ab.se\/en\/\"},{\"@type\":\"ListItem\",\"position\":2,\"name\":\"Housing\",\"item\":\"https:\/\/www.ff-ab.se\/en\/housing\/\"},{\"@type\":\"ListItem\",\"position\":3,\"name\":\"Ormbacka 2\"}]},{\"@type\":\"WebSite\",\"@id\":\"https:\/\/www.ff-ab.se\/en\/#website\",\"url\":\"https:\/\/www.ff-ab.se\/en\/\",\"name\":\"FFAB\",\"description\":\"VI SKAPAR ATTRAKTIVA BOST\u00c4DER OCH SAMH\u00c4LLSFASTIGHETER MED FOKUS P\u00c5 FUNKTIONALITET, DESIGN OCH KVALITET.\",\"publisher\":{\"@id\":\"https:\/\/www.ff-ab.se\/en\/#organization\"},\"potentialAction\":[{\"@type\":\"SearchAction\",\"target\":{\"@type\":\"EntryPoint\",\"urlTemplate\":\"https:\/\/www.ff-ab.se\/en\/?s={search_term_string}\"},\"query-input\":{\"@type\":\"PropertyValueSpecification\",\"valueRequired\":true,\"valueName\":\"search_term_string\"}}],\"inLanguage\":\"en-US\"},{\"@type\":\"Organization\",\"@id\":\"https:\/\/www.ff-ab.se\/en\/#organization\",\"name\":\"FFAB\",\"url\":\"https:\/\/www.ff-ab.se\/en\/\",\"logo\":{\"@type\":\"ImageObject\",\"inLanguage\":\"en-US\",\"@id\":\"https:\/\/www.ff-ab.se\/en\/#\/schema\/logo\/image\/\",\"url\":\"https:\/\/www.ff-ab.se\/wp-content\/uploads\/2022\/03\/ffab-logga.png\",\"contentUrl\":\"https:\/\/www.ff-ab.se\/wp-content\/uploads\/2022\/03\/ffab-logga.png\",\"width\":1125,\"height\":515,\"caption\":\"FFAB\"},\"image\":{\"@id\":\"https:\/\/www.ff-ab.se\/en\/#\/schema\/logo\/image\/\"}}]}<\/script>\n<!-- \/ Yoast SEO plugin. -->","yoast_head_json":{"title":"Ormbacka 2 - FFAB","description":"As an entrance to the whole of Ormbacka, we are building a block of 46 apartments, ten terraced houses, nine townhouses and a generous courtyard.","robots":{"index":"index","follow":"follow","max-snippet":"max-snippet:-1","max-image-preview":"max-image-preview:large","max-video-preview":"max-video-preview:-1"},"canonical":"https:\/\/www.ff-ab.se\/en\/housing\/greenhouses\/","og_locale":"en_US","og_type":"article","og_title":"Ormbacka 2 - FFAB","og_description":"As an entrance to the whole of Ormbacka, we are building a block of 46 apartments, ten terraced houses, nine townhouses and a generous courtyard.","og_url":"https:\/\/www.ff-ab.se\/en\/housing\/greenhouses\/","og_site_name":"FFAB","article_modified_time":"2024-06-07T12:24:04+00:00","og_image":[{"width":1333,"height":1000,"url":"https:\/\/www.ff-ab.se\/wp-content\/uploads\/2022\/08\/Va\u0308xhusen_Ormbacka2_web.jpg","type":"image\/jpeg"}],"twitter_card":"summary_large_image","twitter_misc":{"Est. reading time":"1 minute"},"schema":{"@context":"https:\/\/schema.org","@graph":[{"@type":"WebPage","@id":"https:\/\/www.ff-ab.se\/en\/housing\/greenhouses\/","url":"https:\/\/www.ff-ab.se\/en\/housing\/greenhouses\/","name":"Ormbacka 2 - FFAB","isPartOf":{"@id":"https:\/\/www.ff-ab.se\/en\/#website"},"primaryImageOfPage":{"@id":"https:\/\/www.ff-ab.se\/en\/housing\/greenhouses\/#primaryimage"},"image":{"@id":"https:\/\/www.ff-ab.se\/en\/housing\/greenhouses\/#primaryimage"},"thumbnailUrl":"https:\/\/www.ff-ab.se\/wp-content\/uploads\/2022\/08\/Va\u0308xhusen_Ormbacka2_web.jpg","datePublished":"2022-08-31T11:37:30+00:00","dateModified":"2024-06-07T12:24:04+00:00","description":"As an entrance to the whole of Ormbacka, we are building a block of 46 apartments, ten terraced houses, nine townhouses and a generous courtyard.","breadcrumb":{"@id":"https:\/\/www.ff-ab.se\/en\/housing\/greenhouses\/#breadcrumb"},"inLanguage":"en-US","potentialAction":[{"@type":"ReadAction","target":["https:\/\/www.ff-ab.se\/en\/housing\/greenhouses\/"]}]},{"@type":"ImageObject","inLanguage":"en-US","@id":"https:\/\/www.ff-ab.se\/en\/housing\/greenhouses\/#primaryimage","url":"https:\/\/www.ff-ab.se\/wp-content\/uploads\/2022\/08\/Va\u0308xhusen_Ormbacka2_web.jpg","contentUrl":"https:\/\/www.ff-ab.se\/wp-content\/uploads\/2022\/08\/Va\u0308xhusen_Ormbacka2_web.jpg","width":1333,"height":1000},{"@type":"BreadcrumbList","@id":"https:\/\/www.ff-ab.se\/en\/housing\/greenhouses\/#breadcrumb","itemListElement":[{"@type":"ListItem","position":1,"name":"Home","item":"https:\/\/www.ff-ab.se\/en\/"},{"@type":"ListItem","position":2,"name":"Housing","item":"https:\/\/www.ff-ab.se\/en\/housing\/"},{"@type":"ListItem","position":3,"name":"Ormbacka 2"}]},{"@type":"WebSite","@id":"https:\/\/www.ff-ab.se\/en\/#website","url":"https:\/\/www.ff-ab.se\/en\/","name":"FFAB","description":"VI SKAPAR ATTRAKTIVA BOST\u00c4DER OCH SAMH\u00c4LLSFASTIGHETER MED FOKUS P\u00c5 FUNKTIONALITET, DESIGN OCH KVALITET.","publisher":{"@id":"https:\/\/www.ff-ab.se\/en\/#organization"},"potentialAction":[{"@type":"SearchAction","target":{"@type":"EntryPoint","urlTemplate":"https:\/\/www.ff-ab.se\/en\/?s={search_term_string}"},"query-input":{"@type":"PropertyValueSpecification","valueRequired":true,"valueName":"search_term_string"}}],"inLanguage":"en-US"},{"@type":"Organization","@id":"https:\/\/www.ff-ab.se\/en\/#organization","name":"FFAB","url":"https:\/\/www.ff-ab.se\/en\/","logo":{"@type":"ImageObject","inLanguage":"en-US","@id":"https:\/\/www.ff-ab.se\/en\/#\/schema\/logo\/image\/","url":"https:\/\/www.ff-ab.se\/wp-content\/uploads\/2022\/03\/ffab-logga.png","contentUrl":"https:\/\/www.ff-ab.se\/wp-content\/uploads\/2022\/03\/ffab-logga.png","width":1125,"height":515,"caption":"FFAB"},"image":{"@id":"https:\/\/www.ff-ab.se\/en\/#\/schema\/logo\/image\/"}}]}},"uagb_featured_image_src":{"full":["https:\/\/www.ff-ab.se\/wp-content\/uploads\/2022\/08\/Va\u0308xhusen_Ormbacka2_web.jpg",1333,1000,false],"thumbnail":["https:\/\/www.ff-ab.se\/wp-content\/uploads\/2022\/08\/Va\u0308xhusen_Ormbacka2_web-150x150.jpg",150,150,true],"medium":["https:\/\/www.ff-ab.se\/wp-content\/uploads\/2022\/08\/Va\u0308xhusen_Ormbacka2_web-300x225.jpg",300,225,true],"medium_large":["https:\/\/www.ff-ab.se\/wp-content\/uploads\/2022\/08\/Va\u0308xhusen_Ormbacka2_web-768x576.jpg",768,576,true],"large":["https:\/\/www.ff-ab.se\/wp-content\/uploads\/2022\/08\/Va\u0308xhusen_Ormbacka2_web-1024x768.jpg",1024,768,true],"1536x1536":["https:\/\/www.ff-ab.se\/wp-content\/uploads\/2022\/08\/Va\u0308xhusen_Ormbacka2_web.jpg",1333,1000,false],"2048x2048":["https:\/\/www.ff-ab.se\/wp-content\/uploads\/2022\/08\/Va\u0308xhusen_Ormbacka2_web.jpg",1333,1000,false]},"uagb_author_info":{"display_name":"Victor Olsson","author_link":"https:\/\/www.ff-ab.se\/en\/author\/admin_birdh\/"},"uagb_comment_info":0,"uagb_excerpt":null,"_links":{"self":[{"href":"https:\/\/www.ff-ab.se\/en\/wp-json\/wp\/v2\/pages\/3351","targetHints":{"allow":["GET"]}}],"collection":[{"href":"https:\/\/www.ff-ab.se\/en\/wp-json\/wp\/v2\/pages"}],"about":[{"href":"https:\/\/www.ff-ab.se\/en\/wp-json\/wp\/v2\/types\/page"}],"author":[{"embeddable":true,"href":"https:\/\/www.ff-ab.se\/en\/wp-json\/wp\/v2\/users\/2"}],"replies":[{"embeddable":true,"href":"https:\/\/www.ff-ab.se\/en\/wp-json\/wp\/v2\/comments?post=3351"}],"version-history":[{"count":8,"href":"https:\/\/www.ff-ab.se\/en\/wp-json\/wp\/v2\/pages\/3351\/revisions"}],"predecessor-version":[{"id":4261,"href":"https:\/\/www.ff-ab.se\/en\/wp-json\/wp\/v2\/pages\/3351\/revisions\/4261"}],"up":[{"embeddable":true,"href":"https:\/\/www.ff-ab.se\/en\/wp-json\/wp\/v2\/pages\/3301"}],"wp:featuredmedia":[{"embeddable":true,"href":"https:\/\/www.ff-ab.se\/en\/wp-json\/wp\/v2\/media\/3244"}],"wp:attachment":[{"href":"https:\/\/www.ff-ab.se\/en\/wp-json\/wp\/v2\/media?parent=3351"}],"curies":[{"name":"wp","href":"https:\/\/api.w.org\/{rel}","templated":true}]}}