{"id":3352,"date":"2022-03-24T10:41:00","date_gmt":"2022-03-24T10:41:00","guid":{"rendered":"https:\/\/www.ff-ab.se\/housing\/the-jute-chip\/"},"modified":"2025-05-30T09:21:19","modified_gmt":"2025-05-30T09:21:19","slug":"the-jute-chip","status":"publish","type":"page","link":"https:\/\/www.ff-ab.se\/en\/housing\/the-jute-chip\/","title":{"rendered":"Jutespr\u00e5nget"},"content":{"rendered":"<div class=\"gb-grid-wrapper gb-grid-wrapper-98e32db2\">\n<div class=\"gb-grid-column gb-grid-column-cc3f164c\"><div class=\"gb-container gb-container-cc3f164c\"><div class=\"gb-inside-container\">\n\n<h1 class=\"wp-block-heading has-white-color has-text-color\"><strong>Jutespr\u00e5nget<\/strong><\/h1>\n\n\n\n<p class=\"has-white-color has-text-color\"><strong>\u00c4lvsj\u00f6<\/strong><\/p>\n\n\n\n<p class=\"has-white-color has-text-color\">In the center of \u00c4lvsj\u00f6, Fastighetsf\u00f6r\u00e4dlarna is developing a small-scale residential area with 75 new homes of 1-5 rooms and kitchens. The area is characterized by a mixed development of villas and more residential buildings, where Jutespr\u00e5nget reinforces the vibrant street space around Johan Skyttes street with business premises on the street level of the building and a small square. <\/p>\n\n\n\n<p class=\"has-white-color has-text-color\">In addition to the proximity to the city center and commuter train station, the homes are also optimally located in relation to parks and recreation. Standardparken and Solbergaskogen are only 100 and 600 meters away respectively.<\/p>\n\n\n\n<p class=\"has-white-color has-text-color\"><\/p>\n\n\n\n<p class=\"has-white-color has-text-color\"><strong>\n  <em>Location:<\/em>\n<\/strong> Stockholm<br\/><strong>\n  <em>Project:<\/em>\n<\/strong> Jutespr\u00e5nget<br\/><strong><em>Number of units: <\/em><\/strong>72<br\/><strong> <em>Form of tenure:<\/em> <\/strong> Tenant-owned apartments<br\/><strong><em>GFA:<\/em><\/strong> 6 866<br\/><em><strong>GFA above ground<\/strong>:<\/em> 5 620<br\/><strong><em>HFA\/UFA:<\/em><\/strong> 4 473<br\/><em><strong>Status<\/strong>:<\/em> Zoning <br\/><strong><em>Start of construction: <\/em><\/strong>2026 Q1<strong><em><br\/>Completion:<\/em><\/strong> 2027 Q4<\/p>\n\n<\/div><\/div><\/div>\n<\/div><div class=\"gb-container gb-container-0f3729b1\"><\/div>\n<p><\/p>\n","protected":false},"excerpt":{"rendered":"","protected":false},"author":5,"featured_media":0,"parent":3301,"menu_order":0,"comment_status":"closed","ping_status":"closed","template":"","meta":{"_uag_custom_page_level_css":"","footnotes":""},"class_list":["post-3352","page","type-page","status-publish","hentry"],"featured_image_src":null,"yoast_head":"<!-- This site is optimized with the Yoast SEO plugin v26.8 - https:\/\/yoast.com\/product\/yoast-seo-wordpress\/ -->\n<title>Jutespr\u00e5nget - FFAB<\/title>\n<meta name=\"robots\" content=\"index, follow, max-snippet:-1, max-image-preview:large, max-video-preview:-1\" \/>\n<link rel=\"canonical\" href=\"https:\/\/www.ff-ab.se\/en\/housing\/the-jute-chip\/\" \/>\n<meta property=\"og:locale\" content=\"en_US\" \/>\n<meta property=\"og:type\" content=\"article\" \/>\n<meta property=\"og:title\" content=\"Jutespr\u00e5nget - FFAB\" \/>\n<meta property=\"og:url\" content=\"https:\/\/www.ff-ab.se\/en\/housing\/the-jute-chip\/\" \/>\n<meta property=\"og:site_name\" content=\"FFAB\" \/>\n<meta property=\"article:modified_time\" content=\"2025-05-30T09:21:19+00:00\" \/>\n<meta name=\"twitter:card\" content=\"summary_large_image\" \/>\n<meta name=\"twitter:label1\" content=\"Est. reading time\" \/>\n\t<meta name=\"twitter:data1\" content=\"1 minute\" \/>\n<script type=\"application\/ld+json\" class=\"yoast-schema-graph\">{\"@context\":\"https:\/\/schema.org\",\"@graph\":[{\"@type\":\"WebPage\",\"@id\":\"https:\/\/www.ff-ab.se\/en\/housing\/the-jute-chip\/\",\"url\":\"https:\/\/www.ff-ab.se\/en\/housing\/the-jute-chip\/\",\"name\":\"Jutespr\u00e5nget - FFAB\",\"isPartOf\":{\"@id\":\"https:\/\/www.ff-ab.se\/en\/#website\"},\"datePublished\":\"2022-03-24T10:41:00+00:00\",\"dateModified\":\"2025-05-30T09:21:19+00:00\",\"breadcrumb\":{\"@id\":\"https:\/\/www.ff-ab.se\/en\/housing\/the-jute-chip\/#breadcrumb\"},\"inLanguage\":\"en-US\",\"potentialAction\":[{\"@type\":\"ReadAction\",\"target\":[\"https:\/\/www.ff-ab.se\/en\/housing\/the-jute-chip\/\"]}]},{\"@type\":\"BreadcrumbList\",\"@id\":\"https:\/\/www.ff-ab.se\/en\/housing\/the-jute-chip\/#breadcrumb\",\"itemListElement\":[{\"@type\":\"ListItem\",\"position\":1,\"name\":\"Home\",\"item\":\"https:\/\/www.ff-ab.se\/en\/\"},{\"@type\":\"ListItem\",\"position\":2,\"name\":\"Housing\",\"item\":\"https:\/\/www.ff-ab.se\/en\/housing\/\"},{\"@type\":\"ListItem\",\"position\":3,\"name\":\"Jutespr\u00e5nget\"}]},{\"@type\":\"WebSite\",\"@id\":\"https:\/\/www.ff-ab.se\/en\/#website\",\"url\":\"https:\/\/www.ff-ab.se\/en\/\",\"name\":\"FFAB\",\"description\":\"VI SKAPAR ATTRAKTIVA BOST\u00c4DER OCH SAMH\u00c4LLSFASTIGHETER MED FOKUS P\u00c5 FUNKTIONALITET, DESIGN OCH KVALITET.\",\"publisher\":{\"@id\":\"https:\/\/www.ff-ab.se\/en\/#organization\"},\"potentialAction\":[{\"@type\":\"SearchAction\",\"target\":{\"@type\":\"EntryPoint\",\"urlTemplate\":\"https:\/\/www.ff-ab.se\/en\/?s={search_term_string}\"},\"query-input\":{\"@type\":\"PropertyValueSpecification\",\"valueRequired\":true,\"valueName\":\"search_term_string\"}}],\"inLanguage\":\"en-US\"},{\"@type\":\"Organization\",\"@id\":\"https:\/\/www.ff-ab.se\/en\/#organization\",\"name\":\"FFAB\",\"url\":\"https:\/\/www.ff-ab.se\/en\/\",\"logo\":{\"@type\":\"ImageObject\",\"inLanguage\":\"en-US\",\"@id\":\"https:\/\/www.ff-ab.se\/en\/#\/schema\/logo\/image\/\",\"url\":\"https:\/\/www.ff-ab.se\/wp-content\/uploads\/2022\/03\/ffab-logga.png\",\"contentUrl\":\"https:\/\/www.ff-ab.se\/wp-content\/uploads\/2022\/03\/ffab-logga.png\",\"width\":1125,\"height\":515,\"caption\":\"FFAB\"},\"image\":{\"@id\":\"https:\/\/www.ff-ab.se\/en\/#\/schema\/logo\/image\/\"}}]}<\/script>\n<!-- \/ Yoast SEO plugin. -->","yoast_head_json":{"title":"Jutespr\u00e5nget - FFAB","robots":{"index":"index","follow":"follow","max-snippet":"max-snippet:-1","max-image-preview":"max-image-preview:large","max-video-preview":"max-video-preview:-1"},"canonical":"https:\/\/www.ff-ab.se\/en\/housing\/the-jute-chip\/","og_locale":"en_US","og_type":"article","og_title":"Jutespr\u00e5nget - FFAB","og_url":"https:\/\/www.ff-ab.se\/en\/housing\/the-jute-chip\/","og_site_name":"FFAB","article_modified_time":"2025-05-30T09:21:19+00:00","twitter_card":"summary_large_image","twitter_misc":{"Est. reading time":"1 minute"},"schema":{"@context":"https:\/\/schema.org","@graph":[{"@type":"WebPage","@id":"https:\/\/www.ff-ab.se\/en\/housing\/the-jute-chip\/","url":"https:\/\/www.ff-ab.se\/en\/housing\/the-jute-chip\/","name":"Jutespr\u00e5nget - FFAB","isPartOf":{"@id":"https:\/\/www.ff-ab.se\/en\/#website"},"datePublished":"2022-03-24T10:41:00+00:00","dateModified":"2025-05-30T09:21:19+00:00","breadcrumb":{"@id":"https:\/\/www.ff-ab.se\/en\/housing\/the-jute-chip\/#breadcrumb"},"inLanguage":"en-US","potentialAction":[{"@type":"ReadAction","target":["https:\/\/www.ff-ab.se\/en\/housing\/the-jute-chip\/"]}]},{"@type":"BreadcrumbList","@id":"https:\/\/www.ff-ab.se\/en\/housing\/the-jute-chip\/#breadcrumb","itemListElement":[{"@type":"ListItem","position":1,"name":"Home","item":"https:\/\/www.ff-ab.se\/en\/"},{"@type":"ListItem","position":2,"name":"Housing","item":"https:\/\/www.ff-ab.se\/en\/housing\/"},{"@type":"ListItem","position":3,"name":"Jutespr\u00e5nget"}]},{"@type":"WebSite","@id":"https:\/\/www.ff-ab.se\/en\/#website","url":"https:\/\/www.ff-ab.se\/en\/","name":"FFAB","description":"VI SKAPAR ATTRAKTIVA BOST\u00c4DER OCH SAMH\u00c4LLSFASTIGHETER MED FOKUS P\u00c5 FUNKTIONALITET, DESIGN OCH KVALITET.","publisher":{"@id":"https:\/\/www.ff-ab.se\/en\/#organization"},"potentialAction":[{"@type":"SearchAction","target":{"@type":"EntryPoint","urlTemplate":"https:\/\/www.ff-ab.se\/en\/?s={search_term_string}"},"query-input":{"@type":"PropertyValueSpecification","valueRequired":true,"valueName":"search_term_string"}}],"inLanguage":"en-US"},{"@type":"Organization","@id":"https:\/\/www.ff-ab.se\/en\/#organization","name":"FFAB","url":"https:\/\/www.ff-ab.se\/en\/","logo":{"@type":"ImageObject","inLanguage":"en-US","@id":"https:\/\/www.ff-ab.se\/en\/#\/schema\/logo\/image\/","url":"https:\/\/www.ff-ab.se\/wp-content\/uploads\/2022\/03\/ffab-logga.png","contentUrl":"https:\/\/www.ff-ab.se\/wp-content\/uploads\/2022\/03\/ffab-logga.png","width":1125,"height":515,"caption":"FFAB"},"image":{"@id":"https:\/\/www.ff-ab.se\/en\/#\/schema\/logo\/image\/"}}]}},"uagb_featured_image_src":{"full":false,"thumbnail":false,"medium":false,"medium_large":false,"large":false,"1536x1536":false,"2048x2048":false},"uagb_author_info":{"display_name":"Stefan Larsson","author_link":"https:\/\/www.ff-ab.se\/en\/author\/andrew\/"},"uagb_comment_info":0,"uagb_excerpt":null,"_links":{"self":[{"href":"https:\/\/www.ff-ab.se\/en\/wp-json\/wp\/v2\/pages\/3352","targetHints":{"allow":["GET"]}}],"collection":[{"href":"https:\/\/www.ff-ab.se\/en\/wp-json\/wp\/v2\/pages"}],"about":[{"href":"https:\/\/www.ff-ab.se\/en\/wp-json\/wp\/v2\/types\/page"}],"author":[{"embeddable":true,"href":"https:\/\/www.ff-ab.se\/en\/wp-json\/wp\/v2\/users\/5"}],"replies":[{"embeddable":true,"href":"https:\/\/www.ff-ab.se\/en\/wp-json\/wp\/v2\/comments?post=3352"}],"version-history":[{"count":31,"href":"https:\/\/www.ff-ab.se\/en\/wp-json\/wp\/v2\/pages\/3352\/revisions"}],"predecessor-version":[{"id":4684,"href":"https:\/\/www.ff-ab.se\/en\/wp-json\/wp\/v2\/pages\/3352\/revisions\/4684"}],"up":[{"embeddable":true,"href":"https:\/\/www.ff-ab.se\/en\/wp-json\/wp\/v2\/pages\/3301"}],"wp:attachment":[{"href":"https:\/\/www.ff-ab.se\/en\/wp-json\/wp\/v2\/media?parent=3352"}],"curies":[{"name":"wp","href":"https:\/\/api.w.org\/{rel}","templated":true}]}}