{"id":4228,"date":"2024-06-07T12:03:08","date_gmt":"2024-06-07T12:03:08","guid":{"rendered":"https:\/\/www.ff-ab.se\/?page_id=4228"},"modified":"2025-05-30T09:58:38","modified_gmt":"2025-05-30T09:58:38","slug":"skogas-valvet","status":"publish","type":"page","link":"https:\/\/www.ff-ab.se\/en\/housing\/skogas-valvet\/","title":{"rendered":"Skog\u00e5s Valvet"},"content":{"rendered":"<div class=\"gb-grid-wrapper gb-grid-wrapper-d0f9a10c\">\n<div class=\"gb-grid-column gb-grid-column-086abf8e\"><div class=\"gb-container gb-container-086abf8e\"><div class=\"gb-inside-container\">\n\n<h1 class=\"wp-block-heading has-text-align-center has-white-color has-text-color\">Skog\u00e5s Valvet<\/h1>\n\n\n\n<p class=\"has-text-align-center has-white-color has-text-color\"><strong>Huddinge<\/strong><\/p>\n\n<\/div><\/div><\/div>\n<\/div><div class=\"gb-grid-wrapper gb-grid-wrapper-89e5ecf2\">\n<div class=\"gb-grid-column gb-grid-column-db8dec80\"><div class=\"gb-container gb-container-db8dec80\"><div class=\"gb-inside-container\">\n\n<h2 class=\"wp-block-heading\"><strong>Addition of tenant-owned apartments in Skog\u00e5s Centrum<\/strong><\/h2>\n\n\n\n<p class=\"has-black-color has-text-color has-link-color wp-elements-0505d08ff72ab0c5f753510b62d562eb\">In an area where the housing stock consists mostly of rental units, Fastighetsf\u00f6r\u00e4dlarna plan to build 110 new tenant-owned apartments \u2013 an addition that will create an attractive mix of tenure types. The one- to four-bedroom apartments with a kitchen will be built with a distinct sustainability profile after the plan is adopted, which is expected in 2026. <\/p>\n\n<\/div><\/div><\/div>\n\n<div class=\"gb-grid-column gb-grid-column-7494274f\"><div class=\"gb-container gb-container-7494274f\"><div class=\"gb-inside-container\">\n\n<h2 class=\"gb-headline gb-headline-b798125e gb-headline-text\"><strong>Facts about the project<\/strong><\/h2>\n\n\n\n<p class=\"has-black-color has-text-color\"><strong><em>Location<\/em><\/strong>: Skog\u00e5s, Huddinge<br\/><strong><em>Project<\/em><\/strong>: Valvet<br\/><strong><em>Number of units<\/em><\/strong>: 110<br\/><strong><em>GFA above ground<\/em><\/strong>: 6 600<br\/><strong><em>HFA<\/em><\/strong>: 4 950<a href=\"LOA:%205%20600\"><br\/><\/a><strong><em>Form of tenure<\/em><\/strong>: Tenant-owned apartments<br\/><strong><em>Status<\/em><\/strong>: Zoning<br\/><strong><em>Start of construction:<\/em> <\/strong>2026 Q3<br\/><em><strong>To be completed<\/strong>:<\/em> 2028 Q3<\/p>\n\n<\/div><\/div><\/div>\n\n<div class=\"gb-grid-column gb-grid-column-57aeaea2\"><div class=\"gb-container gb-container-57aeaea2\"><div class=\"gb-inside-container\">\n\n<h2 class=\"gb-headline gb-headline-e4ac6b03 gb-headline-text\"><\/h2>\n\n\n\n<p class=\"has-black-color has-text-color\"><\/p>\n\n<\/div><\/div><\/div>\n\n<div class=\"gb-grid-column gb-grid-column-bcba9e2d\"><div class=\"gb-container gb-container-bcba9e2d\"><div class=\"gb-inside-container\">\n<div class=\"gb-grid-wrapper gb-grid-wrapper-ddc549a3\">\n<div class=\"gb-grid-column gb-grid-column-6ed029be\"><div class=\"gb-container gb-container-6ed029be\"><div class=\"gb-inside-container\"><\/div><\/div><\/div>\n\n<div class=\"gb-grid-column gb-grid-column-836152cc\"><div class=\"gb-container gb-container-836152cc\"><\/div><\/div>\n<\/div>\n<\/div><\/div><\/div>\n<\/div>","protected":false},"excerpt":{"rendered":"","protected":false},"author":2,"featured_media":4233,"parent":3301,"menu_order":0,"comment_status":"closed","ping_status":"closed","template":"","meta":{"_uag_custom_page_level_css":"","footnotes":""},"class_list":["post-4228","page","type-page","status-publish","has-post-thumbnail","hentry"],"featured_image_src":"https:\/\/www.ff-ab.se\/wp-content\/uploads\/2024\/06\/Skogas-Cam-006_ny-23-05-17.jpg","yoast_head":"<!-- This site is optimized with the Yoast SEO plugin v26.8 - https:\/\/yoast.com\/product\/yoast-seo-wordpress\/ -->\n<title>Skog\u00e5s Valvet - FFAB<\/title>\n<meta name=\"description\" content=\"In the heart of Barkarby, construction will soon start on a 19,600 square meter climate-smart city block with both condominiums, owner-occupied apartments and offices.\" \/>\n<meta name=\"robots\" content=\"index, follow, max-snippet:-1, max-image-preview:large, max-video-preview:-1\" \/>\n<link rel=\"canonical\" href=\"https:\/\/www.ff-ab.se\/en\/housing\/skogas-valvet\/\" \/>\n<meta property=\"og:locale\" content=\"en_US\" \/>\n<meta property=\"og:type\" content=\"article\" \/>\n<meta property=\"og:title\" content=\"Skog\u00e5s Valvet - FFAB\" \/>\n<meta property=\"og:description\" content=\"In the heart of Barkarby, construction will soon start on a 19,600 square meter climate-smart city block with both condominiums, owner-occupied apartments and offices.\" \/>\n<meta property=\"og:url\" content=\"https:\/\/www.ff-ab.se\/en\/housing\/skogas-valvet\/\" \/>\n<meta property=\"og:site_name\" content=\"FFAB\" \/>\n<meta property=\"article:modified_time\" content=\"2025-05-30T09:58:38+00:00\" \/>\n<meta property=\"og:image\" content=\"https:\/\/www.ff-ab.se\/wp-content\/uploads\/2024\/06\/Skogas-Cam-006_ny-23-05-17.jpg\" \/>\n\t<meta property=\"og:image:width\" content=\"1600\" \/>\n\t<meta property=\"og:image:height\" content=\"976\" \/>\n\t<meta property=\"og:image:type\" content=\"image\/jpeg\" \/>\n<meta name=\"twitter:card\" content=\"summary_large_image\" \/>\n<meta name=\"twitter:label1\" content=\"Est. reading time\" \/>\n\t<meta name=\"twitter:data1\" content=\"1 minute\" \/>\n<script type=\"application\/ld+json\" class=\"yoast-schema-graph\">{\"@context\":\"https:\/\/schema.org\",\"@graph\":[{\"@type\":\"WebPage\",\"@id\":\"https:\/\/www.ff-ab.se\/en\/housing\/skogas-valvet\/\",\"url\":\"https:\/\/www.ff-ab.se\/en\/housing\/skogas-valvet\/\",\"name\":\"Skog\u00e5s Valvet - FFAB\",\"isPartOf\":{\"@id\":\"https:\/\/www.ff-ab.se\/en\/#website\"},\"primaryImageOfPage\":{\"@id\":\"https:\/\/www.ff-ab.se\/en\/housing\/skogas-valvet\/#primaryimage\"},\"image\":{\"@id\":\"https:\/\/www.ff-ab.se\/en\/housing\/skogas-valvet\/#primaryimage\"},\"thumbnailUrl\":\"https:\/\/www.ff-ab.se\/wp-content\/uploads\/2024\/06\/Skogas-Cam-006_ny-23-05-17.jpg\",\"datePublished\":\"2024-06-07T12:03:08+00:00\",\"dateModified\":\"2025-05-30T09:58:38+00:00\",\"description\":\"In the heart of Barkarby, construction will soon start on a 19,600 square meter climate-smart city block with both condominiums, owner-occupied apartments and offices.\",\"breadcrumb\":{\"@id\":\"https:\/\/www.ff-ab.se\/en\/housing\/skogas-valvet\/#breadcrumb\"},\"inLanguage\":\"en-US\",\"potentialAction\":[{\"@type\":\"ReadAction\",\"target\":[\"https:\/\/www.ff-ab.se\/en\/housing\/skogas-valvet\/\"]}]},{\"@type\":\"ImageObject\",\"inLanguage\":\"en-US\",\"@id\":\"https:\/\/www.ff-ab.se\/en\/housing\/skogas-valvet\/#primaryimage\",\"url\":\"https:\/\/www.ff-ab.se\/wp-content\/uploads\/2024\/06\/Skogas-Cam-006_ny-23-05-17.jpg\",\"contentUrl\":\"https:\/\/www.ff-ab.se\/wp-content\/uploads\/2024\/06\/Skogas-Cam-006_ny-23-05-17.jpg\",\"width\":1600,\"height\":976},{\"@type\":\"BreadcrumbList\",\"@id\":\"https:\/\/www.ff-ab.se\/en\/housing\/skogas-valvet\/#breadcrumb\",\"itemListElement\":[{\"@type\":\"ListItem\",\"position\":1,\"name\":\"Home\",\"item\":\"https:\/\/www.ff-ab.se\/en\/\"},{\"@type\":\"ListItem\",\"position\":2,\"name\":\"Housing\",\"item\":\"https:\/\/www.ff-ab.se\/en\/housing\/\"},{\"@type\":\"ListItem\",\"position\":3,\"name\":\"Skog\u00e5s Valvet\"}]},{\"@type\":\"WebSite\",\"@id\":\"https:\/\/www.ff-ab.se\/en\/#website\",\"url\":\"https:\/\/www.ff-ab.se\/en\/\",\"name\":\"FFAB\",\"description\":\"VI SKAPAR ATTRAKTIVA BOST\u00c4DER OCH SAMH\u00c4LLSFASTIGHETER MED FOKUS P\u00c5 FUNKTIONALITET, DESIGN OCH KVALITET.\",\"publisher\":{\"@id\":\"https:\/\/www.ff-ab.se\/en\/#organization\"},\"potentialAction\":[{\"@type\":\"SearchAction\",\"target\":{\"@type\":\"EntryPoint\",\"urlTemplate\":\"https:\/\/www.ff-ab.se\/en\/?s={search_term_string}\"},\"query-input\":{\"@type\":\"PropertyValueSpecification\",\"valueRequired\":true,\"valueName\":\"search_term_string\"}}],\"inLanguage\":\"en-US\"},{\"@type\":\"Organization\",\"@id\":\"https:\/\/www.ff-ab.se\/en\/#organization\",\"name\":\"FFAB\",\"url\":\"https:\/\/www.ff-ab.se\/en\/\",\"logo\":{\"@type\":\"ImageObject\",\"inLanguage\":\"en-US\",\"@id\":\"https:\/\/www.ff-ab.se\/en\/#\/schema\/logo\/image\/\",\"url\":\"https:\/\/www.ff-ab.se\/wp-content\/uploads\/2022\/03\/ffab-logga.png\",\"contentUrl\":\"https:\/\/www.ff-ab.se\/wp-content\/uploads\/2022\/03\/ffab-logga.png\",\"width\":1125,\"height\":515,\"caption\":\"FFAB\"},\"image\":{\"@id\":\"https:\/\/www.ff-ab.se\/en\/#\/schema\/logo\/image\/\"}}]}<\/script>\n<!-- \/ Yoast SEO plugin. -->","yoast_head_json":{"title":"Skog\u00e5s Valvet - FFAB","description":"In the heart of Barkarby, construction will soon start on a 19,600 square meter climate-smart city block with both condominiums, owner-occupied apartments and offices.","robots":{"index":"index","follow":"follow","max-snippet":"max-snippet:-1","max-image-preview":"max-image-preview:large","max-video-preview":"max-video-preview:-1"},"canonical":"https:\/\/www.ff-ab.se\/en\/housing\/skogas-valvet\/","og_locale":"en_US","og_type":"article","og_title":"Skog\u00e5s Valvet - FFAB","og_description":"In the heart of Barkarby, construction will soon start on a 19,600 square meter climate-smart city block with both condominiums, owner-occupied apartments and offices.","og_url":"https:\/\/www.ff-ab.se\/en\/housing\/skogas-valvet\/","og_site_name":"FFAB","article_modified_time":"2025-05-30T09:58:38+00:00","og_image":[{"width":1600,"height":976,"url":"https:\/\/www.ff-ab.se\/wp-content\/uploads\/2024\/06\/Skogas-Cam-006_ny-23-05-17.jpg","type":"image\/jpeg"}],"twitter_card":"summary_large_image","twitter_misc":{"Est. reading time":"1 minute"},"schema":{"@context":"https:\/\/schema.org","@graph":[{"@type":"WebPage","@id":"https:\/\/www.ff-ab.se\/en\/housing\/skogas-valvet\/","url":"https:\/\/www.ff-ab.se\/en\/housing\/skogas-valvet\/","name":"Skog\u00e5s Valvet - FFAB","isPartOf":{"@id":"https:\/\/www.ff-ab.se\/en\/#website"},"primaryImageOfPage":{"@id":"https:\/\/www.ff-ab.se\/en\/housing\/skogas-valvet\/#primaryimage"},"image":{"@id":"https:\/\/www.ff-ab.se\/en\/housing\/skogas-valvet\/#primaryimage"},"thumbnailUrl":"https:\/\/www.ff-ab.se\/wp-content\/uploads\/2024\/06\/Skogas-Cam-006_ny-23-05-17.jpg","datePublished":"2024-06-07T12:03:08+00:00","dateModified":"2025-05-30T09:58:38+00:00","description":"In the heart of Barkarby, construction will soon start on a 19,600 square meter climate-smart city block with both condominiums, owner-occupied apartments and offices.","breadcrumb":{"@id":"https:\/\/www.ff-ab.se\/en\/housing\/skogas-valvet\/#breadcrumb"},"inLanguage":"en-US","potentialAction":[{"@type":"ReadAction","target":["https:\/\/www.ff-ab.se\/en\/housing\/skogas-valvet\/"]}]},{"@type":"ImageObject","inLanguage":"en-US","@id":"https:\/\/www.ff-ab.se\/en\/housing\/skogas-valvet\/#primaryimage","url":"https:\/\/www.ff-ab.se\/wp-content\/uploads\/2024\/06\/Skogas-Cam-006_ny-23-05-17.jpg","contentUrl":"https:\/\/www.ff-ab.se\/wp-content\/uploads\/2024\/06\/Skogas-Cam-006_ny-23-05-17.jpg","width":1600,"height":976},{"@type":"BreadcrumbList","@id":"https:\/\/www.ff-ab.se\/en\/housing\/skogas-valvet\/#breadcrumb","itemListElement":[{"@type":"ListItem","position":1,"name":"Home","item":"https:\/\/www.ff-ab.se\/en\/"},{"@type":"ListItem","position":2,"name":"Housing","item":"https:\/\/www.ff-ab.se\/en\/housing\/"},{"@type":"ListItem","position":3,"name":"Skog\u00e5s Valvet"}]},{"@type":"WebSite","@id":"https:\/\/www.ff-ab.se\/en\/#website","url":"https:\/\/www.ff-ab.se\/en\/","name":"FFAB","description":"VI SKAPAR ATTRAKTIVA BOST\u00c4DER OCH SAMH\u00c4LLSFASTIGHETER MED FOKUS P\u00c5 FUNKTIONALITET, DESIGN OCH KVALITET.","publisher":{"@id":"https:\/\/www.ff-ab.se\/en\/#organization"},"potentialAction":[{"@type":"SearchAction","target":{"@type":"EntryPoint","urlTemplate":"https:\/\/www.ff-ab.se\/en\/?s={search_term_string}"},"query-input":{"@type":"PropertyValueSpecification","valueRequired":true,"valueName":"search_term_string"}}],"inLanguage":"en-US"},{"@type":"Organization","@id":"https:\/\/www.ff-ab.se\/en\/#organization","name":"FFAB","url":"https:\/\/www.ff-ab.se\/en\/","logo":{"@type":"ImageObject","inLanguage":"en-US","@id":"https:\/\/www.ff-ab.se\/en\/#\/schema\/logo\/image\/","url":"https:\/\/www.ff-ab.se\/wp-content\/uploads\/2022\/03\/ffab-logga.png","contentUrl":"https:\/\/www.ff-ab.se\/wp-content\/uploads\/2022\/03\/ffab-logga.png","width":1125,"height":515,"caption":"FFAB"},"image":{"@id":"https:\/\/www.ff-ab.se\/en\/#\/schema\/logo\/image\/"}}]}},"uagb_featured_image_src":{"full":["https:\/\/www.ff-ab.se\/wp-content\/uploads\/2024\/06\/Skogas-Cam-006_ny-23-05-17.jpg",1600,976,false],"thumbnail":["https:\/\/www.ff-ab.se\/wp-content\/uploads\/2024\/06\/Skogas-Cam-006_ny-23-05-17-150x150.jpg",150,150,true],"medium":["https:\/\/www.ff-ab.se\/wp-content\/uploads\/2024\/06\/Skogas-Cam-006_ny-23-05-17-300x183.jpg",300,183,true],"medium_large":["https:\/\/www.ff-ab.se\/wp-content\/uploads\/2024\/06\/Skogas-Cam-006_ny-23-05-17-768x468.jpg",768,468,true],"large":["https:\/\/www.ff-ab.se\/wp-content\/uploads\/2024\/06\/Skogas-Cam-006_ny-23-05-17-1024x625.jpg",1024,625,true],"1536x1536":["https:\/\/www.ff-ab.se\/wp-content\/uploads\/2024\/06\/Skogas-Cam-006_ny-23-05-17-1536x937.jpg",1536,937,true],"2048x2048":["https:\/\/www.ff-ab.se\/wp-content\/uploads\/2024\/06\/Skogas-Cam-006_ny-23-05-17.jpg",1600,976,false]},"uagb_author_info":{"display_name":"Victor Olsson","author_link":"https:\/\/www.ff-ab.se\/en\/author\/admin_birdh\/"},"uagb_comment_info":0,"uagb_excerpt":null,"_links":{"self":[{"href":"https:\/\/www.ff-ab.se\/en\/wp-json\/wp\/v2\/pages\/4228","targetHints":{"allow":["GET"]}}],"collection":[{"href":"https:\/\/www.ff-ab.se\/en\/wp-json\/wp\/v2\/pages"}],"about":[{"href":"https:\/\/www.ff-ab.se\/en\/wp-json\/wp\/v2\/types\/page"}],"author":[{"embeddable":true,"href":"https:\/\/www.ff-ab.se\/en\/wp-json\/wp\/v2\/users\/2"}],"replies":[{"embeddable":true,"href":"https:\/\/www.ff-ab.se\/en\/wp-json\/wp\/v2\/comments?post=4228"}],"version-history":[{"count":13,"href":"https:\/\/www.ff-ab.se\/en\/wp-json\/wp\/v2\/pages\/4228\/revisions"}],"predecessor-version":[{"id":4709,"href":"https:\/\/www.ff-ab.se\/en\/wp-json\/wp\/v2\/pages\/4228\/revisions\/4709"}],"up":[{"embeddable":true,"href":"https:\/\/www.ff-ab.se\/en\/wp-json\/wp\/v2\/pages\/3301"}],"wp:featuredmedia":[{"embeddable":true,"href":"https:\/\/www.ff-ab.se\/en\/wp-json\/wp\/v2\/media\/4233"}],"wp:attachment":[{"href":"https:\/\/www.ff-ab.se\/en\/wp-json\/wp\/v2\/media?parent=4228"}],"curies":[{"name":"wp","href":"https:\/\/api.w.org\/{rel}","templated":true}]}}