{"id":4570,"date":"2025-05-28T07:37:49","date_gmt":"2025-05-28T07:37:49","guid":{"rendered":"https:\/\/www.ff-ab.se\/?page_id=4570"},"modified":"2025-05-30T09:00:23","modified_gmt":"2025-05-30T09:00:23","slug":"barkarby-4","status":"publish","type":"page","link":"https:\/\/www.ff-ab.se\/en\/housing\/barkarby-4\/","title":{"rendered":"Dragningslistan 7"},"content":{"rendered":"<div class=\"gb-grid-wrapper gb-grid-wrapper-d0f9a10c\">\n<div class=\"gb-grid-column gb-grid-column-086abf8e\"><div class=\"gb-container gb-container-086abf8e\"><div class=\"gb-inside-container\">\n\n<h1 class=\"wp-block-heading has-text-align-center has-white-color has-text-color\">Dragningslistan 7<\/h1>\n\n\n\n<p class=\"has-text-align-center has-white-color has-text-color\"><strong>H\u00e4gersten<\/strong><\/p>\n\n<\/div><\/div><\/div>\n<\/div><div class=\"gb-grid-wrapper gb-grid-wrapper-89e5ecf2\">\n<div class=\"gb-grid-column gb-grid-column-db8dec80\"><div class=\"gb-container gb-container-db8dec80\"><div class=\"gb-inside-container\">\n\n<h2 class=\"wp-block-heading\"><strong>An addition of tenant-owned apartments in H\u00e4gersten<\/strong><\/h2>\n\n\n\n<p class=\"has-black-color has-text-color has-link-color wp-elements-75671f7b4086ee2860bec2f252fa6204\">During the year, Fastighetsf\u00f6r\u00e4dlarna acquired <em>Dragningslistan 3<\/em> in H\u00e4gersten, with an existing residential building containing rental units, as well as a development right. The development right was split off into its own separate property at the beginning of 2025, <em>Dragningslistan 7<\/em>, where new tenant-owned apartments will be built. The existing residential building was divested in spring 2025. The new project is not far from FFAB&#8217;s completed project <em><a href=\"https:\/\/www.ff-ab.se\/en\/housing\/the-draw-list\/\">Dragningslistan 6<\/a><\/em>.   <\/p>\n\n<\/div><\/div><\/div>\n\n<div class=\"gb-grid-column gb-grid-column-7494274f\"><div class=\"gb-container gb-container-7494274f\"><div class=\"gb-inside-container\">\n\n<h2 class=\"gb-headline gb-headline-b798125e gb-headline-text\"><strong>Facts about the project<\/strong><\/h2>\n\n\n\n<p class=\"has-black-color has-text-color\"><strong><em>Location: <\/em><\/strong>H\u00e4gersten, Stockholm<br\/><strong><em>Project<\/em><\/strong>: Dragningslistan 7<br\/><strong><em>Number of units<\/em><\/strong>: 35<br\/><strong><em>GFA<\/em><\/strong>: 2 818<br\/><strong><em>GFA above ground:<\/em><\/strong> 2 110<br\/><strong><em>HFA<\/em><\/strong>: 1 577<a href=\"LOA%205%\"><br\/><\/a><strong><em>Form of tenure<\/em><\/strong>: Tenant-owned apartments<br\/><strong><em>Status<\/em><\/strong>: Application submitted<br\/><strong><em>Start of construction:<\/em> <\/strong>2025 Q3<br\/><em><strong>To be completed<\/strong>:<\/em> 2026 Q4<\/p>\n\n<\/div><\/div><\/div>\n\n<div class=\"gb-grid-column gb-grid-column-57aeaea2\"><div class=\"gb-container gb-container-57aeaea2\"><div class=\"gb-inside-container\">\n\n<p class=\"has-black-color has-text-color\"><\/p>\n\n\n\n<figure class=\"wp-block-gallery has-nested-images columns-2 is-cropped wp-block-gallery-1 is-layout-flex wp-block-gallery-is-layout-flex\">\n<figure class=\"wp-block-image size-large\"><img decoding=\"async\" src=\"https:\/\/www.ff-ab.se\/wp-content\/uploads\/2025\/05\/Dragningslistan-7-&#x2013;-Visualisering-bild-4-1024x679.jpg\" alt=\"\" class=\"wp-image-4580\"\/><\/figure>\n\n\n\n<figure class=\"wp-block-image size-large\"><img decoding=\"async\" src=\"https:\/\/www.ff-ab.se\/wp-content\/uploads\/2025\/05\/Dragningslistan-7-&#x2013;-Visualisering-bild-1-1024x655.jpg\" alt=\"\" class=\"wp-image-4574\"\/><\/figure>\n\n\n\n<figure class=\"wp-block-image size-large\"><img loading=\"lazy\" decoding=\"async\" width=\"1024\" height=\"778\" src=\"https:\/\/www.ff-ab.se\/wp-content\/uploads\/2025\/05\/Dragningslistan-7-tredjedelsbild-1024x778.jpg\" alt=\"\" class=\"wp-image-4572\" srcset=\"https:\/\/www.ff-ab.se\/wp-content\/uploads\/2025\/05\/Dragningslistan-7-tredjedelsbild-1024x778.jpg 1024w, https:\/\/www.ff-ab.se\/wp-content\/uploads\/2025\/05\/Dragningslistan-7-tredjedelsbild-300x228.jpg 300w, https:\/\/www.ff-ab.se\/wp-content\/uploads\/2025\/05\/Dragningslistan-7-tredjedelsbild-768x584.jpg 768w, https:\/\/www.ff-ab.se\/wp-content\/uploads\/2025\/05\/Dragningslistan-7-tredjedelsbild-1536x1168.jpg 1536w, https:\/\/www.ff-ab.se\/wp-content\/uploads\/2025\/05\/Dragningslistan-7-tredjedelsbild.jpg 1634w\" sizes=\"auto, (max-width: 1024px) 100vw, 1024px\" \/><\/figure>\n\n\n\n<figure class=\"wp-block-image size-large\"><img decoding=\"async\" src=\"https:\/\/www.ff-ab.se\/wp-content\/uploads\/2025\/05\/Dragningslistan-7-&#x2013;-Visualisering-bild-2-1024x440.jpg\" alt=\"\" class=\"wp-image-4576\"\/><\/figure>\n<\/figure>\n\n<\/div><\/div><\/div>\n\n<div class=\"gb-grid-column gb-grid-column-bcba9e2d\"><div class=\"gb-container gb-container-bcba9e2d\"><div class=\"gb-inside-container\">\n<div class=\"gb-grid-wrapper gb-grid-wrapper-ddc549a3\">\n<div class=\"gb-grid-column gb-grid-column-6ed029be\"><div class=\"gb-container gb-container-6ed029be\"><div class=\"gb-inside-container\"><\/div><\/div><\/div>\n\n<div class=\"gb-grid-column gb-grid-column-836152cc\"><div class=\"gb-container gb-container-836152cc\"><\/div><\/div>\n<\/div>\n<\/div><\/div><\/div>\n<\/div>","protected":false},"excerpt":{"rendered":"","protected":false},"author":2,"featured_media":4573,"parent":3301,"menu_order":0,"comment_status":"closed","ping_status":"closed","template":"","meta":{"_uag_custom_page_level_css":"","footnotes":""},"class_list":["post-4570","page","type-page","status-publish","has-post-thumbnail","hentry"],"featured_image_src":"https:\/\/www.ff-ab.se\/wp-content\/uploads\/2025\/05\/Dragningslistan-7-tredjedelsbild.jpg","yoast_head":"<!-- This site is optimized with the Yoast SEO plugin v26.8 - https:\/\/yoast.com\/product\/yoast-seo-wordpress\/ -->\n<title>Dragningslistan 7 - FFAB<\/title>\n<meta name=\"description\" content=\"In the heart of Barkarby, construction will soon start on a 19,600 square meter climate-smart city block with both condominiums, owner-occupied apartments and offices.\" \/>\n<meta name=\"robots\" content=\"index, follow, max-snippet:-1, max-image-preview:large, max-video-preview:-1\" \/>\n<link rel=\"canonical\" href=\"https:\/\/www.ff-ab.se\/en\/housing\/barkarby-4\/\" \/>\n<meta property=\"og:locale\" content=\"en_US\" \/>\n<meta property=\"og:type\" content=\"article\" \/>\n<meta property=\"og:title\" content=\"Dragningslistan 7 - FFAB\" \/>\n<meta property=\"og:description\" content=\"In the heart of Barkarby, construction will soon start on a 19,600 square meter climate-smart city block with both condominiums, owner-occupied apartments and offices.\" \/>\n<meta property=\"og:url\" content=\"https:\/\/www.ff-ab.se\/en\/housing\/barkarby-4\/\" \/>\n<meta property=\"og:site_name\" content=\"FFAB\" \/>\n<meta property=\"article:modified_time\" content=\"2025-05-30T09:00:23+00:00\" \/>\n<meta property=\"og:image\" content=\"https:\/\/www.ff-ab.se\/wp-content\/uploads\/2025\/05\/Dragningslistan-7-tredjedelsbild.jpg\" \/>\n\t<meta property=\"og:image:width\" content=\"1634\" \/>\n\t<meta property=\"og:image:height\" content=\"1242\" \/>\n\t<meta property=\"og:image:type\" content=\"image\/jpeg\" \/>\n<meta name=\"twitter:card\" content=\"summary_large_image\" \/>\n<meta name=\"twitter:label1\" content=\"Est. reading time\" \/>\n\t<meta name=\"twitter:data1\" content=\"1 minute\" \/>\n<script type=\"application\/ld+json\" class=\"yoast-schema-graph\">{\"@context\":\"https:\/\/schema.org\",\"@graph\":[{\"@type\":\"WebPage\",\"@id\":\"https:\/\/www.ff-ab.se\/en\/housing\/barkarby-4\/\",\"url\":\"https:\/\/www.ff-ab.se\/en\/housing\/barkarby-4\/\",\"name\":\"Dragningslistan 7 - FFAB\",\"isPartOf\":{\"@id\":\"https:\/\/www.ff-ab.se\/en\/#website\"},\"primaryImageOfPage\":{\"@id\":\"https:\/\/www.ff-ab.se\/en\/housing\/barkarby-4\/#primaryimage\"},\"image\":{\"@id\":\"https:\/\/www.ff-ab.se\/en\/housing\/barkarby-4\/#primaryimage\"},\"thumbnailUrl\":\"https:\/\/www.ff-ab.se\/wp-content\/uploads\/2025\/05\/Dragningslistan-7-tredjedelsbild.jpg\",\"datePublished\":\"2025-05-28T07:37:49+00:00\",\"dateModified\":\"2025-05-30T09:00:23+00:00\",\"description\":\"In the heart of Barkarby, construction will soon start on a 19,600 square meter climate-smart city block with both condominiums, owner-occupied apartments and offices.\",\"breadcrumb\":{\"@id\":\"https:\/\/www.ff-ab.se\/en\/housing\/barkarby-4\/#breadcrumb\"},\"inLanguage\":\"en-US\",\"potentialAction\":[{\"@type\":\"ReadAction\",\"target\":[\"https:\/\/www.ff-ab.se\/en\/housing\/barkarby-4\/\"]}]},{\"@type\":\"ImageObject\",\"inLanguage\":\"en-US\",\"@id\":\"https:\/\/www.ff-ab.se\/en\/housing\/barkarby-4\/#primaryimage\",\"url\":\"https:\/\/www.ff-ab.se\/wp-content\/uploads\/2025\/05\/Dragningslistan-7-tredjedelsbild.jpg\",\"contentUrl\":\"https:\/\/www.ff-ab.se\/wp-content\/uploads\/2025\/05\/Dragningslistan-7-tredjedelsbild.jpg\",\"width\":1634,\"height\":1242},{\"@type\":\"BreadcrumbList\",\"@id\":\"https:\/\/www.ff-ab.se\/en\/housing\/barkarby-4\/#breadcrumb\",\"itemListElement\":[{\"@type\":\"ListItem\",\"position\":1,\"name\":\"Home\",\"item\":\"https:\/\/www.ff-ab.se\/en\/\"},{\"@type\":\"ListItem\",\"position\":2,\"name\":\"Housing\",\"item\":\"https:\/\/www.ff-ab.se\/en\/housing\/\"},{\"@type\":\"ListItem\",\"position\":3,\"name\":\"Dragningslistan 7\"}]},{\"@type\":\"WebSite\",\"@id\":\"https:\/\/www.ff-ab.se\/en\/#website\",\"url\":\"https:\/\/www.ff-ab.se\/en\/\",\"name\":\"FFAB\",\"description\":\"VI SKAPAR ATTRAKTIVA BOST\u00c4DER OCH SAMH\u00c4LLSFASTIGHETER MED FOKUS P\u00c5 FUNKTIONALITET, DESIGN OCH KVALITET.\",\"publisher\":{\"@id\":\"https:\/\/www.ff-ab.se\/en\/#organization\"},\"potentialAction\":[{\"@type\":\"SearchAction\",\"target\":{\"@type\":\"EntryPoint\",\"urlTemplate\":\"https:\/\/www.ff-ab.se\/en\/?s={search_term_string}\"},\"query-input\":{\"@type\":\"PropertyValueSpecification\",\"valueRequired\":true,\"valueName\":\"search_term_string\"}}],\"inLanguage\":\"en-US\"},{\"@type\":\"Organization\",\"@id\":\"https:\/\/www.ff-ab.se\/en\/#organization\",\"name\":\"FFAB\",\"url\":\"https:\/\/www.ff-ab.se\/en\/\",\"logo\":{\"@type\":\"ImageObject\",\"inLanguage\":\"en-US\",\"@id\":\"https:\/\/www.ff-ab.se\/en\/#\/schema\/logo\/image\/\",\"url\":\"https:\/\/www.ff-ab.se\/wp-content\/uploads\/2022\/03\/ffab-logga.png\",\"contentUrl\":\"https:\/\/www.ff-ab.se\/wp-content\/uploads\/2022\/03\/ffab-logga.png\",\"width\":1125,\"height\":515,\"caption\":\"FFAB\"},\"image\":{\"@id\":\"https:\/\/www.ff-ab.se\/en\/#\/schema\/logo\/image\/\"}}]}<\/script>\n<!-- \/ Yoast SEO plugin. -->","yoast_head_json":{"title":"Dragningslistan 7 - FFAB","description":"In the heart of Barkarby, construction will soon start on a 19,600 square meter climate-smart city block with both condominiums, owner-occupied apartments and offices.","robots":{"index":"index","follow":"follow","max-snippet":"max-snippet:-1","max-image-preview":"max-image-preview:large","max-video-preview":"max-video-preview:-1"},"canonical":"https:\/\/www.ff-ab.se\/en\/housing\/barkarby-4\/","og_locale":"en_US","og_type":"article","og_title":"Dragningslistan 7 - FFAB","og_description":"In the heart of Barkarby, construction will soon start on a 19,600 square meter climate-smart city block with both condominiums, owner-occupied apartments and offices.","og_url":"https:\/\/www.ff-ab.se\/en\/housing\/barkarby-4\/","og_site_name":"FFAB","article_modified_time":"2025-05-30T09:00:23+00:00","og_image":[{"width":1634,"height":1242,"url":"https:\/\/www.ff-ab.se\/wp-content\/uploads\/2025\/05\/Dragningslistan-7-tredjedelsbild.jpg","type":"image\/jpeg"}],"twitter_card":"summary_large_image","twitter_misc":{"Est. reading time":"1 minute"},"schema":{"@context":"https:\/\/schema.org","@graph":[{"@type":"WebPage","@id":"https:\/\/www.ff-ab.se\/en\/housing\/barkarby-4\/","url":"https:\/\/www.ff-ab.se\/en\/housing\/barkarby-4\/","name":"Dragningslistan 7 - FFAB","isPartOf":{"@id":"https:\/\/www.ff-ab.se\/en\/#website"},"primaryImageOfPage":{"@id":"https:\/\/www.ff-ab.se\/en\/housing\/barkarby-4\/#primaryimage"},"image":{"@id":"https:\/\/www.ff-ab.se\/en\/housing\/barkarby-4\/#primaryimage"},"thumbnailUrl":"https:\/\/www.ff-ab.se\/wp-content\/uploads\/2025\/05\/Dragningslistan-7-tredjedelsbild.jpg","datePublished":"2025-05-28T07:37:49+00:00","dateModified":"2025-05-30T09:00:23+00:00","description":"In the heart of Barkarby, construction will soon start on a 19,600 square meter climate-smart city block with both condominiums, owner-occupied apartments and offices.","breadcrumb":{"@id":"https:\/\/www.ff-ab.se\/en\/housing\/barkarby-4\/#breadcrumb"},"inLanguage":"en-US","potentialAction":[{"@type":"ReadAction","target":["https:\/\/www.ff-ab.se\/en\/housing\/barkarby-4\/"]}]},{"@type":"ImageObject","inLanguage":"en-US","@id":"https:\/\/www.ff-ab.se\/en\/housing\/barkarby-4\/#primaryimage","url":"https:\/\/www.ff-ab.se\/wp-content\/uploads\/2025\/05\/Dragningslistan-7-tredjedelsbild.jpg","contentUrl":"https:\/\/www.ff-ab.se\/wp-content\/uploads\/2025\/05\/Dragningslistan-7-tredjedelsbild.jpg","width":1634,"height":1242},{"@type":"BreadcrumbList","@id":"https:\/\/www.ff-ab.se\/en\/housing\/barkarby-4\/#breadcrumb","itemListElement":[{"@type":"ListItem","position":1,"name":"Home","item":"https:\/\/www.ff-ab.se\/en\/"},{"@type":"ListItem","position":2,"name":"Housing","item":"https:\/\/www.ff-ab.se\/en\/housing\/"},{"@type":"ListItem","position":3,"name":"Dragningslistan 7"}]},{"@type":"WebSite","@id":"https:\/\/www.ff-ab.se\/en\/#website","url":"https:\/\/www.ff-ab.se\/en\/","name":"FFAB","description":"VI SKAPAR ATTRAKTIVA BOST\u00c4DER OCH SAMH\u00c4LLSFASTIGHETER MED FOKUS P\u00c5 FUNKTIONALITET, DESIGN OCH KVALITET.","publisher":{"@id":"https:\/\/www.ff-ab.se\/en\/#organization"},"potentialAction":[{"@type":"SearchAction","target":{"@type":"EntryPoint","urlTemplate":"https:\/\/www.ff-ab.se\/en\/?s={search_term_string}"},"query-input":{"@type":"PropertyValueSpecification","valueRequired":true,"valueName":"search_term_string"}}],"inLanguage":"en-US"},{"@type":"Organization","@id":"https:\/\/www.ff-ab.se\/en\/#organization","name":"FFAB","url":"https:\/\/www.ff-ab.se\/en\/","logo":{"@type":"ImageObject","inLanguage":"en-US","@id":"https:\/\/www.ff-ab.se\/en\/#\/schema\/logo\/image\/","url":"https:\/\/www.ff-ab.se\/wp-content\/uploads\/2022\/03\/ffab-logga.png","contentUrl":"https:\/\/www.ff-ab.se\/wp-content\/uploads\/2022\/03\/ffab-logga.png","width":1125,"height":515,"caption":"FFAB"},"image":{"@id":"https:\/\/www.ff-ab.se\/en\/#\/schema\/logo\/image\/"}}]}},"uagb_featured_image_src":{"full":["https:\/\/www.ff-ab.se\/wp-content\/uploads\/2025\/05\/Dragningslistan-7-tredjedelsbild.jpg",1634,1242,false],"thumbnail":["https:\/\/www.ff-ab.se\/wp-content\/uploads\/2025\/05\/Dragningslistan-7-tredjedelsbild-150x150.jpg",150,150,true],"medium":["https:\/\/www.ff-ab.se\/wp-content\/uploads\/2025\/05\/Dragningslistan-7-tredjedelsbild-300x228.jpg",300,228,true],"medium_large":["https:\/\/www.ff-ab.se\/wp-content\/uploads\/2025\/05\/Dragningslistan-7-tredjedelsbild-768x584.jpg",768,584,true],"large":["https:\/\/www.ff-ab.se\/wp-content\/uploads\/2025\/05\/Dragningslistan-7-tredjedelsbild-1024x778.jpg",1024,778,true],"1536x1536":["https:\/\/www.ff-ab.se\/wp-content\/uploads\/2025\/05\/Dragningslistan-7-tredjedelsbild-1536x1168.jpg",1536,1168,true],"2048x2048":["https:\/\/www.ff-ab.se\/wp-content\/uploads\/2025\/05\/Dragningslistan-7-tredjedelsbild.jpg",1634,1242,false]},"uagb_author_info":{"display_name":"Victor Olsson","author_link":"https:\/\/www.ff-ab.se\/en\/author\/admin_birdh\/"},"uagb_comment_info":0,"uagb_excerpt":null,"_links":{"self":[{"href":"https:\/\/www.ff-ab.se\/en\/wp-json\/wp\/v2\/pages\/4570","targetHints":{"allow":["GET"]}}],"collection":[{"href":"https:\/\/www.ff-ab.se\/en\/wp-json\/wp\/v2\/pages"}],"about":[{"href":"https:\/\/www.ff-ab.se\/en\/wp-json\/wp\/v2\/types\/page"}],"author":[{"embeddable":true,"href":"https:\/\/www.ff-ab.se\/en\/wp-json\/wp\/v2\/users\/2"}],"replies":[{"embeddable":true,"href":"https:\/\/www.ff-ab.se\/en\/wp-json\/wp\/v2\/comments?post=4570"}],"version-history":[{"count":5,"href":"https:\/\/www.ff-ab.se\/en\/wp-json\/wp\/v2\/pages\/4570\/revisions"}],"predecessor-version":[{"id":4676,"href":"https:\/\/www.ff-ab.se\/en\/wp-json\/wp\/v2\/pages\/4570\/revisions\/4676"}],"up":[{"embeddable":true,"href":"https:\/\/www.ff-ab.se\/en\/wp-json\/wp\/v2\/pages\/3301"}],"wp:featuredmedia":[{"embeddable":true,"href":"https:\/\/www.ff-ab.se\/en\/wp-json\/wp\/v2\/media\/4573"}],"wp:attachment":[{"href":"https:\/\/www.ff-ab.se\/en\/wp-json\/wp\/v2\/media?parent=4570"}],"curies":[{"name":"wp","href":"https:\/\/api.w.org\/{rel}","templated":true}]}}