{"id":4615,"date":"2025-05-28T09:22:04","date_gmt":"2025-05-28T09:22:04","guid":{"rendered":"https:\/\/www.ff-ab.se\/?page_id=4615"},"modified":"2025-05-30T08:53:27","modified_gmt":"2025-05-30T08:53:27","slug":"barkarby-5","status":"publish","type":"page","link":"https:\/\/www.ff-ab.se\/en\/housing\/barkarby-5\/","title":{"rendered":"Spindelplan"},"content":{"rendered":"<div class=\"gb-grid-wrapper gb-grid-wrapper-d0f9a10c\">\n<div class=\"gb-grid-column gb-grid-column-086abf8e\"><div class=\"gb-container gb-container-086abf8e\"><div class=\"gb-inside-container\">\n\n<h1 class=\"wp-block-heading has-text-align-center has-white-color has-text-color\">Spindelplan<\/h1>\n\n\n\n<p class=\"has-text-align-center has-white-color has-text-color\"><strong>Harg, Nyk\u00f6ping<\/strong><\/p>\n\n<\/div><\/div><\/div>\n<\/div><div class=\"gb-grid-wrapper gb-grid-wrapper-89e5ecf2\">\n<div class=\"gb-grid-column gb-grid-column-db8dec80\"><div class=\"gb-container gb-container-db8dec80\"><div class=\"gb-inside-container\">\n\n<h2 class=\"wp-block-heading has-black-color has-text-color has-link-color wp-elements-f61cc028cde624b977fa4aaf0df5eaca\"><strong>Rental units in Harg, Nyk\u00f6ping<\/strong><\/h2>\n\n\n\n<p class=\"has-black-color has-text-color has-link-color wp-elements-a32165a96d1098e895a8d3a375fdfeee\">Fastighetsf\u00f6r\u00e4dlarna has acquired three residential properties in Nyk\u00f6ping, comprising 73 existing apartments with a total living space of 5,329 sqm. The acquisition is a step in diversifying the real estate portfolio, with existing units for further management and development as needed. <\/p>\n\n<\/div><\/div><\/div>\n\n<div class=\"gb-grid-column gb-grid-column-7494274f\"><div class=\"gb-container gb-container-7494274f\"><div class=\"gb-inside-container\">\n\n<h2 class=\"gb-headline gb-headline-b798125e gb-headline-text\"><strong>Facts about the project<\/strong><\/h2>\n\n\n\n<p class=\"has-black-color has-text-color\"><strong><em>Location<\/em><\/strong>: Harg, Nyk\u00f6ping<br\/><strong><em>Project<\/em><\/strong>: Spindelplan<br\/><strong><em>Number of units<\/em><\/strong>: 73<br\/><strong><em>HFA<\/em><\/strong>: 5 329<a href=\"LOA%205%\"><br\/><\/a><strong><em>Form of tenure<\/em><\/strong>: Rental units<br\/><strong><em>Acquisitions<\/em><\/strong>: Acquired<\/p>\n\n<\/div><\/div><\/div>\n<\/div>\n<p><\/p>\n","protected":false},"excerpt":{"rendered":"","protected":false},"author":2,"featured_media":4621,"parent":3301,"menu_order":0,"comment_status":"closed","ping_status":"closed","template":"","meta":{"_uag_custom_page_level_css":"","footnotes":""},"class_list":["post-4615","page","type-page","status-publish","has-post-thumbnail","hentry"],"featured_image_src":"https:\/\/www.ff-ab.se\/wp-content\/uploads\/2025\/05\/Nykoping_harg.jpg","yoast_head":"<!-- This site is optimized with the Yoast SEO plugin v26.8 - https:\/\/yoast.com\/product\/yoast-seo-wordpress\/ -->\n<title>Spindelplan - FFAB<\/title>\n<meta name=\"description\" content=\"In the heart of Barkarby, construction will soon start on a 19,600 square meter climate-smart city block with both condominiums, owner-occupied apartments and offices.\" \/>\n<meta name=\"robots\" content=\"index, follow, max-snippet:-1, max-image-preview:large, max-video-preview:-1\" \/>\n<link rel=\"canonical\" href=\"https:\/\/www.ff-ab.se\/en\/housing\/barkarby-5\/\" \/>\n<meta property=\"og:locale\" content=\"en_US\" \/>\n<meta property=\"og:type\" content=\"article\" \/>\n<meta property=\"og:title\" content=\"Spindelplan - FFAB\" \/>\n<meta property=\"og:description\" content=\"In the heart of Barkarby, construction will soon start on a 19,600 square meter climate-smart city block with both condominiums, owner-occupied apartments and offices.\" \/>\n<meta property=\"og:url\" content=\"https:\/\/www.ff-ab.se\/en\/housing\/barkarby-5\/\" \/>\n<meta property=\"og:site_name\" content=\"FFAB\" \/>\n<meta property=\"article:modified_time\" content=\"2025-05-30T08:53:27+00:00\" \/>\n<meta property=\"og:image\" content=\"https:\/\/www.ff-ab.se\/wp-content\/uploads\/2025\/05\/Nykoping_harg.jpg\" \/>\n\t<meta property=\"og:image:width\" content=\"1920\" \/>\n\t<meta property=\"og:image:height\" content=\"1079\" \/>\n\t<meta property=\"og:image:type\" content=\"image\/jpeg\" \/>\n<meta name=\"twitter:card\" content=\"summary_large_image\" \/>\n<script type=\"application\/ld+json\" class=\"yoast-schema-graph\">{\"@context\":\"https:\/\/schema.org\",\"@graph\":[{\"@type\":\"WebPage\",\"@id\":\"https:\/\/www.ff-ab.se\/en\/housing\/barkarby-5\/\",\"url\":\"https:\/\/www.ff-ab.se\/en\/housing\/barkarby-5\/\",\"name\":\"Spindelplan - FFAB\",\"isPartOf\":{\"@id\":\"https:\/\/www.ff-ab.se\/en\/#website\"},\"primaryImageOfPage\":{\"@id\":\"https:\/\/www.ff-ab.se\/en\/housing\/barkarby-5\/#primaryimage\"},\"image\":{\"@id\":\"https:\/\/www.ff-ab.se\/en\/housing\/barkarby-5\/#primaryimage\"},\"thumbnailUrl\":\"https:\/\/www.ff-ab.se\/wp-content\/uploads\/2025\/05\/Nykoping_harg.jpg\",\"datePublished\":\"2025-05-28T09:22:04+00:00\",\"dateModified\":\"2025-05-30T08:53:27+00:00\",\"description\":\"In the heart of Barkarby, construction will soon start on a 19,600 square meter climate-smart city block with both condominiums, owner-occupied apartments and offices.\",\"breadcrumb\":{\"@id\":\"https:\/\/www.ff-ab.se\/en\/housing\/barkarby-5\/#breadcrumb\"},\"inLanguage\":\"en-US\",\"potentialAction\":[{\"@type\":\"ReadAction\",\"target\":[\"https:\/\/www.ff-ab.se\/en\/housing\/barkarby-5\/\"]}]},{\"@type\":\"ImageObject\",\"inLanguage\":\"en-US\",\"@id\":\"https:\/\/www.ff-ab.se\/en\/housing\/barkarby-5\/#primaryimage\",\"url\":\"https:\/\/www.ff-ab.se\/wp-content\/uploads\/2025\/05\/Nykoping_harg.jpg\",\"contentUrl\":\"https:\/\/www.ff-ab.se\/wp-content\/uploads\/2025\/05\/Nykoping_harg.jpg\",\"width\":1920,\"height\":1079},{\"@type\":\"BreadcrumbList\",\"@id\":\"https:\/\/www.ff-ab.se\/en\/housing\/barkarby-5\/#breadcrumb\",\"itemListElement\":[{\"@type\":\"ListItem\",\"position\":1,\"name\":\"Home\",\"item\":\"https:\/\/www.ff-ab.se\/en\/\"},{\"@type\":\"ListItem\",\"position\":2,\"name\":\"Housing\",\"item\":\"https:\/\/www.ff-ab.se\/en\/housing\/\"},{\"@type\":\"ListItem\",\"position\":3,\"name\":\"Spindelplan\"}]},{\"@type\":\"WebSite\",\"@id\":\"https:\/\/www.ff-ab.se\/en\/#website\",\"url\":\"https:\/\/www.ff-ab.se\/en\/\",\"name\":\"FFAB\",\"description\":\"VI SKAPAR ATTRAKTIVA BOST\u00c4DER OCH SAMH\u00c4LLSFASTIGHETER MED FOKUS P\u00c5 FUNKTIONALITET, DESIGN OCH KVALITET.\",\"publisher\":{\"@id\":\"https:\/\/www.ff-ab.se\/en\/#organization\"},\"potentialAction\":[{\"@type\":\"SearchAction\",\"target\":{\"@type\":\"EntryPoint\",\"urlTemplate\":\"https:\/\/www.ff-ab.se\/en\/?s={search_term_string}\"},\"query-input\":{\"@type\":\"PropertyValueSpecification\",\"valueRequired\":true,\"valueName\":\"search_term_string\"}}],\"inLanguage\":\"en-US\"},{\"@type\":\"Organization\",\"@id\":\"https:\/\/www.ff-ab.se\/en\/#organization\",\"name\":\"FFAB\",\"url\":\"https:\/\/www.ff-ab.se\/en\/\",\"logo\":{\"@type\":\"ImageObject\",\"inLanguage\":\"en-US\",\"@id\":\"https:\/\/www.ff-ab.se\/en\/#\/schema\/logo\/image\/\",\"url\":\"https:\/\/www.ff-ab.se\/wp-content\/uploads\/2022\/03\/ffab-logga.png\",\"contentUrl\":\"https:\/\/www.ff-ab.se\/wp-content\/uploads\/2022\/03\/ffab-logga.png\",\"width\":1125,\"height\":515,\"caption\":\"FFAB\"},\"image\":{\"@id\":\"https:\/\/www.ff-ab.se\/en\/#\/schema\/logo\/image\/\"}}]}<\/script>\n<!-- \/ Yoast SEO plugin. -->","yoast_head_json":{"title":"Spindelplan - FFAB","description":"In the heart of Barkarby, construction will soon start on a 19,600 square meter climate-smart city block with both condominiums, owner-occupied apartments and offices.","robots":{"index":"index","follow":"follow","max-snippet":"max-snippet:-1","max-image-preview":"max-image-preview:large","max-video-preview":"max-video-preview:-1"},"canonical":"https:\/\/www.ff-ab.se\/en\/housing\/barkarby-5\/","og_locale":"en_US","og_type":"article","og_title":"Spindelplan - FFAB","og_description":"In the heart of Barkarby, construction will soon start on a 19,600 square meter climate-smart city block with both condominiums, owner-occupied apartments and offices.","og_url":"https:\/\/www.ff-ab.se\/en\/housing\/barkarby-5\/","og_site_name":"FFAB","article_modified_time":"2025-05-30T08:53:27+00:00","og_image":[{"width":1920,"height":1079,"url":"https:\/\/www.ff-ab.se\/wp-content\/uploads\/2025\/05\/Nykoping_harg.jpg","type":"image\/jpeg"}],"twitter_card":"summary_large_image","schema":{"@context":"https:\/\/schema.org","@graph":[{"@type":"WebPage","@id":"https:\/\/www.ff-ab.se\/en\/housing\/barkarby-5\/","url":"https:\/\/www.ff-ab.se\/en\/housing\/barkarby-5\/","name":"Spindelplan - FFAB","isPartOf":{"@id":"https:\/\/www.ff-ab.se\/en\/#website"},"primaryImageOfPage":{"@id":"https:\/\/www.ff-ab.se\/en\/housing\/barkarby-5\/#primaryimage"},"image":{"@id":"https:\/\/www.ff-ab.se\/en\/housing\/barkarby-5\/#primaryimage"},"thumbnailUrl":"https:\/\/www.ff-ab.se\/wp-content\/uploads\/2025\/05\/Nykoping_harg.jpg","datePublished":"2025-05-28T09:22:04+00:00","dateModified":"2025-05-30T08:53:27+00:00","description":"In the heart of Barkarby, construction will soon start on a 19,600 square meter climate-smart city block with both condominiums, owner-occupied apartments and offices.","breadcrumb":{"@id":"https:\/\/www.ff-ab.se\/en\/housing\/barkarby-5\/#breadcrumb"},"inLanguage":"en-US","potentialAction":[{"@type":"ReadAction","target":["https:\/\/www.ff-ab.se\/en\/housing\/barkarby-5\/"]}]},{"@type":"ImageObject","inLanguage":"en-US","@id":"https:\/\/www.ff-ab.se\/en\/housing\/barkarby-5\/#primaryimage","url":"https:\/\/www.ff-ab.se\/wp-content\/uploads\/2025\/05\/Nykoping_harg.jpg","contentUrl":"https:\/\/www.ff-ab.se\/wp-content\/uploads\/2025\/05\/Nykoping_harg.jpg","width":1920,"height":1079},{"@type":"BreadcrumbList","@id":"https:\/\/www.ff-ab.se\/en\/housing\/barkarby-5\/#breadcrumb","itemListElement":[{"@type":"ListItem","position":1,"name":"Home","item":"https:\/\/www.ff-ab.se\/en\/"},{"@type":"ListItem","position":2,"name":"Housing","item":"https:\/\/www.ff-ab.se\/en\/housing\/"},{"@type":"ListItem","position":3,"name":"Spindelplan"}]},{"@type":"WebSite","@id":"https:\/\/www.ff-ab.se\/en\/#website","url":"https:\/\/www.ff-ab.se\/en\/","name":"FFAB","description":"VI SKAPAR ATTRAKTIVA BOST\u00c4DER OCH SAMH\u00c4LLSFASTIGHETER MED FOKUS P\u00c5 FUNKTIONALITET, DESIGN OCH KVALITET.","publisher":{"@id":"https:\/\/www.ff-ab.se\/en\/#organization"},"potentialAction":[{"@type":"SearchAction","target":{"@type":"EntryPoint","urlTemplate":"https:\/\/www.ff-ab.se\/en\/?s={search_term_string}"},"query-input":{"@type":"PropertyValueSpecification","valueRequired":true,"valueName":"search_term_string"}}],"inLanguage":"en-US"},{"@type":"Organization","@id":"https:\/\/www.ff-ab.se\/en\/#organization","name":"FFAB","url":"https:\/\/www.ff-ab.se\/en\/","logo":{"@type":"ImageObject","inLanguage":"en-US","@id":"https:\/\/www.ff-ab.se\/en\/#\/schema\/logo\/image\/","url":"https:\/\/www.ff-ab.se\/wp-content\/uploads\/2022\/03\/ffab-logga.png","contentUrl":"https:\/\/www.ff-ab.se\/wp-content\/uploads\/2022\/03\/ffab-logga.png","width":1125,"height":515,"caption":"FFAB"},"image":{"@id":"https:\/\/www.ff-ab.se\/en\/#\/schema\/logo\/image\/"}}]}},"uagb_featured_image_src":{"full":["https:\/\/www.ff-ab.se\/wp-content\/uploads\/2025\/05\/Nykoping_harg.jpg",1920,1079,false],"thumbnail":["https:\/\/www.ff-ab.se\/wp-content\/uploads\/2025\/05\/Nykoping_harg-150x150.jpg",150,150,true],"medium":["https:\/\/www.ff-ab.se\/wp-content\/uploads\/2025\/05\/Nykoping_harg-300x169.jpg",300,169,true],"medium_large":["https:\/\/www.ff-ab.se\/wp-content\/uploads\/2025\/05\/Nykoping_harg-768x432.jpg",768,432,true],"large":["https:\/\/www.ff-ab.se\/wp-content\/uploads\/2025\/05\/Nykoping_harg-1024x575.jpg",1024,575,true],"1536x1536":["https:\/\/www.ff-ab.se\/wp-content\/uploads\/2025\/05\/Nykoping_harg-1536x863.jpg",1536,863,true],"2048x2048":["https:\/\/www.ff-ab.se\/wp-content\/uploads\/2025\/05\/Nykoping_harg.jpg",1920,1079,false]},"uagb_author_info":{"display_name":"Victor Olsson","author_link":"https:\/\/www.ff-ab.se\/en\/author\/admin_birdh\/"},"uagb_comment_info":0,"uagb_excerpt":null,"_links":{"self":[{"href":"https:\/\/www.ff-ab.se\/en\/wp-json\/wp\/v2\/pages\/4615","targetHints":{"allow":["GET"]}}],"collection":[{"href":"https:\/\/www.ff-ab.se\/en\/wp-json\/wp\/v2\/pages"}],"about":[{"href":"https:\/\/www.ff-ab.se\/en\/wp-json\/wp\/v2\/types\/page"}],"author":[{"embeddable":true,"href":"https:\/\/www.ff-ab.se\/en\/wp-json\/wp\/v2\/users\/2"}],"replies":[{"embeddable":true,"href":"https:\/\/www.ff-ab.se\/en\/wp-json\/wp\/v2\/comments?post=4615"}],"version-history":[{"count":5,"href":"https:\/\/www.ff-ab.se\/en\/wp-json\/wp\/v2\/pages\/4615\/revisions"}],"predecessor-version":[{"id":4674,"href":"https:\/\/www.ff-ab.se\/en\/wp-json\/wp\/v2\/pages\/4615\/revisions\/4674"}],"up":[{"embeddable":true,"href":"https:\/\/www.ff-ab.se\/en\/wp-json\/wp\/v2\/pages\/3301"}],"wp:featuredmedia":[{"embeddable":true,"href":"https:\/\/www.ff-ab.se\/en\/wp-json\/wp\/v2\/media\/4621"}],"wp:attachment":[{"href":"https:\/\/www.ff-ab.se\/en\/wp-json\/wp\/v2\/media?parent=4615"}],"curies":[{"name":"wp","href":"https:\/\/api.w.org\/{rel}","templated":true}]}}